{"id":1402,"date":"2022-05-22T08:14:10","date_gmt":"2022-05-22T08:14:10","guid":{"rendered":"https:\/\/cauchopren.com\/?page_id=1402"},"modified":"2022-05-22T08:15:21","modified_gmt":"2022-05-22T08:15:21","slug":"ueber-uns","status":"publish","type":"page","link":"https:\/\/cauchopren.com\/de\/ueber-uns\/","title":{"rendered":"\u00dcber uns"},"content":{"rendered":"\t\t<div data-elementor-type=\"wp-page\" data-elementor-id=\"1402\" class=\"elementor elementor-1402 elementor-26\">\n\t\t\t\t\t\t<div class=\"elementor-inner\">\n\t\t\t\t<div class=\"elementor-section-wrap\">\n\t\t\t\t\t\t\t\t\t<section class=\"elementor-section elementor-top-section elementor-element elementor-element-e3e857b elementor-section-stretched elementor-section-boxed elementor-section-height-default elementor-section-height-default\" data-id=\"e3e857b\" data-element_type=\"section\" data-settings=\"{&quot;stretch_section&quot;:&quot;section-stretched&quot;,&quot;background_background&quot;:&quot;classic&quot;}\">\n\t\t\t\t\t\t<div class=\"elementor-container elementor-column-gap-default\">\n\t\t\t\t\t\t\t<div class=\"elementor-row\">\n\t\t\t\t\t<div class=\"elementor-column elementor-col-100 elementor-top-column elementor-element elementor-element-0cb408c\" data-id=\"0cb408c\" data-element_type=\"column\">\n\t\t\t<div class=\"elementor-column-wrap elementor-element-populated\">\n\t\t\t\t\t\t\t<div class=\"elementor-widget-wrap\">\n\t\t\t\t\t\t<div class=\"elementor-element elementor-element-7ec6cda elementor-widget elementor-widget-heading\" data-id=\"7ec6cda\" data-element_type=\"widget\" data-widget_type=\"heading.default\">\n\t\t\t\t<div class=\"elementor-widget-container\">\n\t\t\t<h2 class=\"elementor-heading-title elementor-size-default\">\u00dcber uns<\/h2>\t\t<\/div>\n\t\t\t\t<\/div>\n\t\t\t\t\t\t<\/div>\n\t\t\t\t\t<\/div>\n\t\t<\/div>\n\t\t\t\t\t\t\t\t<\/div>\n\t\t\t\t\t<\/div>\n\t\t<\/section>\n\t\t\t\t<section class=\"elementor-section elementor-top-section elementor-element elementor-element-f825797 elementor-section-boxed elementor-section-height-default elementor-section-height-default\" data-id=\"f825797\" data-element_type=\"section\">\n\t\t\t\t\t\t<div class=\"elementor-container elementor-column-gap-default\">\n\t\t\t\t\t\t\t<div class=\"elementor-row\">\n\t\t\t\t\t<div class=\"elementor-column elementor-col-50 elementor-top-column elementor-element elementor-element-7edefc5\" data-id=\"7edefc5\" data-element_type=\"column\">\n\t\t\t<div class=\"elementor-column-wrap elementor-element-populated\">\n\t\t\t\t\t\t\t<div class=\"elementor-widget-wrap\">\n\t\t\t\t\t\t<div class=\"elementor-element elementor-element-70baddf elementor-widget elementor-widget-heading\" data-id=\"70baddf\" data-element_type=\"widget\" data-widget_type=\"heading.default\">\n\t\t\t\t<div class=\"elementor-widget-container\">\n\t\t\t<h1 class=\"elementor-heading-title elementor-size-default\">Unternehmen<\/h1>\t\t<\/div>\n\t\t\t\t<\/div>\n\t\t\t\t<div class=\"elementor-element elementor-element-3463230 elementor-widget elementor-widget-text-editor\" data-id=\"3463230\" data-element_type=\"widget\" data-widget_type=\"text-editor.default\">\n\t\t\t\t<div class=\"elementor-widget-container\">\n\t\t\t\t\t\t\t\t<div class=\"elementor-text-editor elementor-clearfix\">\n\t\t\t\t<p><span style=\"font-weight: 400;\">Seit Beginn seiner T\u00e4tigkeit im Jahr 1983 ist CAUCHOPREN auf die Herstellung von technischen Gummiformteilen f\u00fcr verschiedene Zwecke in unterschiedlichen Industriezweigen spezialisiert.<\/span><\/p><p><span style=\"font-weight: 400;\">CAUCHOPREN geh\u00f6rt heute zur DEBLAUKI Group, einem familiengef\u00fchrten Industriekonzern, der sich seit mehreren Generationen der Herstellung von Gummi widmet. Dank der in diesen Jahrzehnten gesammelten Erfahrung, unserem hochqualifizierten, professionellen Team und unseren modernen Produktionsmitteln k\u00f6nnen wir den globalen Markt mit Produkten, die sich durch einen hohen Mehrwert auszeichnen, beliefern.<\/span><\/p><p><span style=\"font-weight: 400;\">Zudem bieten wir technische Unterst\u00fctzung und arbeiten mit unseren Kunden in den Phasen der Erstentwicklung, Prototypenfertigung und Serienproduktion bei der Konstruktion und Konzeption von technischen Gummiformteilen zusammen.<\/span><\/p>\t\t\t\t\t<\/div>\n\t\t\t\t\t\t<\/div>\n\t\t\t\t<\/div>\n\t\t\t\t\t\t<\/div>\n\t\t\t\t\t<\/div>\n\t\t<\/div>\n\t\t\t\t<div class=\"elementor-column elementor-col-50 elementor-top-column elementor-element elementor-element-c528df1\" data-id=\"c528df1\" data-element_type=\"column\">\n\t\t\t<div class=\"elementor-column-wrap elementor-element-populated\">\n\t\t\t\t\t\t\t<div class=\"elementor-widget-wrap\">\n\t\t\t\t\t\t<div class=\"elementor-element elementor-element-a421c67 elementor-widget elementor-widget-image\" data-id=\"a421c67\" data-element_type=\"widget\" data-widget_type=\"image.default\">\n\t\t\t\t<div class=\"elementor-widget-container\">\n\t\t\t\t\t\t\t\t<div class=\"elementor-image\">\n\t\t\t\t\t\t\t\t\t\t\t\t<img src=\"https:\/\/cauchopren.com\/wp-content\/uploads\/2020\/11\/fachada-2000x1700-600x360-1.jpg\" title=\"fachada-2000&#215;1700-600&#215;360\" alt=\"fachada-2000x1700-600x360\" \/>\t\t\t\t\t\t\t\t\t\t\t\t\t\t<\/div>\n\t\t\t\t\t\t<\/div>\n\t\t\t\t<\/div>\n\t\t\t\t\t\t<\/div>\n\t\t\t\t\t<\/div>\n\t\t<\/div>\n\t\t\t\t\t\t\t\t<\/div>\n\t\t\t\t\t<\/div>\n\t\t<\/section>\n\t\t\t\t<section class=\"elementor-section elementor-top-section elementor-element elementor-element-aef40f3 elementor-reverse-mobile elementor-section-boxed elementor-section-height-default elementor-section-height-default\" data-id=\"aef40f3\" data-element_type=\"section\">\n\t\t\t\t\t\t<div class=\"elementor-container elementor-column-gap-default\">\n\t\t\t\t\t\t\t<div class=\"elementor-row\">\n\t\t\t\t\t<div class=\"elementor-column elementor-col-50 elementor-top-column elementor-element elementor-element-6053829\" data-id=\"6053829\" data-element_type=\"column\">\n\t\t\t<div class=\"elementor-column-wrap elementor-element-populated\">\n\t\t\t\t\t\t\t<div class=\"elementor-widget-wrap\">\n\t\t\t\t\t\t<div class=\"elementor-element elementor-element-a3dd289 elementor-widget elementor-widget-image\" data-id=\"a3dd289\" data-element_type=\"widget\" data-widget_type=\"image.default\">\n\t\t\t\t<div class=\"elementor-widget-container\">\n\t\t\t\t\t\t\t\t<div class=\"elementor-image\">\n\t\t\t\t\t\t\t\t\t\t\t\t<img src=\"https:\/\/cauchopren.com\/wp-content\/uploads\/elementor\/thumbs\/Quienessomos-scaled-oz9zxvw5mb5qmca5vm36upxqa71xg68p145vw2k9q6.jpg\" title=\"Quienessomos\" alt=\"Quienessomos\" \/>\t\t\t\t\t\t\t\t\t\t\t\t\t\t<\/div>\n\t\t\t\t\t\t<\/div>\n\t\t\t\t<\/div>\n\t\t\t\t\t\t<\/div>\n\t\t\t\t\t<\/div>\n\t\t<\/div>\n\t\t\t\t<div class=\"elementor-column elementor-col-50 elementor-top-column elementor-element elementor-element-a3d3a10\" data-id=\"a3d3a10\" data-element_type=\"column\">\n\t\t\t<div class=\"elementor-column-wrap elementor-element-populated\">\n\t\t\t\t\t\t\t<div class=\"elementor-widget-wrap\">\n\t\t\t\t\t\t<div class=\"elementor-element elementor-element-6ca1697 elementor-widget elementor-widget-heading\" data-id=\"6ca1697\" data-element_type=\"widget\" data-widget_type=\"heading.default\">\n\t\t\t\t<div class=\"elementor-widget-container\">\n\t\t\t<h1 class=\"elementor-heading-title elementor-size-default\">Mission<\/h1>\t\t<\/div>\n\t\t\t\t<\/div>\n\t\t\t\t<div class=\"elementor-element elementor-element-8a0abc2 elementor-widget elementor-widget-text-editor\" data-id=\"8a0abc2\" data-element_type=\"widget\" data-widget_type=\"text-editor.default\">\n\t\t\t\t<div class=\"elementor-widget-container\">\n\t\t\t\t\t\t\t\t<div class=\"elementor-text-editor elementor-clearfix\">\n\t\t\t\t<div class=\"vc_row wpb_row vc_row-fluid vc_custom_1531112804048\"><div class=\"wpb_column vc_column_container vc_col-sm-6\"><div class=\"vc_column-inner \"><div class=\"wpb_wrapper\"><div class=\"wpb_text_column wpb_content_element \"><div class=\"wpb_wrapper\"><p><span style=\"font-weight: 400;\">Die Mission von CAUCHOPREN bel\u00e4uft sich darauf, dem Markt den besten Service zur Serienfertigung von technischen Gummiformteilen zu bieten. Wir verpflichten uns, Seite an Seite mit den Kunden bis zu deren voller Zufriedenheit und zum erfolgreichen Projektabschluss zu arbeiten.<\/span><\/p><\/div><\/div><\/div><\/div><\/div><\/div>\t\t\t\t\t<\/div>\n\t\t\t\t\t\t<\/div>\n\t\t\t\t<\/div>\n\t\t\t\t\t\t<\/div>\n\t\t\t\t\t<\/div>\n\t\t<\/div>\n\t\t\t\t\t\t\t\t<\/div>\n\t\t\t\t\t<\/div>\n\t\t<\/section>\n\t\t\t\t<section class=\"elementor-section elementor-top-section elementor-element elementor-element-6ab76db elementor-section-boxed elementor-section-height-default elementor-section-height-default\" data-id=\"6ab76db\" data-element_type=\"section\">\n\t\t\t\t\t\t<div class=\"elementor-container elementor-column-gap-default\">\n\t\t\t\t\t\t\t<div class=\"elementor-row\">\n\t\t\t\t\t<div class=\"elementor-column elementor-col-50 elementor-top-column elementor-element elementor-element-8665227\" data-id=\"8665227\" data-element_type=\"column\">\n\t\t\t<div class=\"elementor-column-wrap elementor-element-populated\">\n\t\t\t\t\t\t\t<div class=\"elementor-widget-wrap\">\n\t\t\t\t\t\t<div class=\"elementor-element elementor-element-a218ccb elementor-widget elementor-widget-heading\" data-id=\"a218ccb\" data-element_type=\"widget\" data-widget_type=\"heading.default\">\n\t\t\t\t<div class=\"elementor-widget-container\">\n\t\t\t<h1 class=\"elementor-heading-title elementor-size-default\">Kundenorientierung<\/h1>\t\t<\/div>\n\t\t\t\t<\/div>\n\t\t\t\t<div class=\"elementor-element elementor-element-642daf7 elementor-widget elementor-widget-text-editor\" data-id=\"642daf7\" data-element_type=\"widget\" data-widget_type=\"text-editor.default\">\n\t\t\t\t<div class=\"elementor-widget-container\">\n\t\t\t\t\t\t\t\t<div class=\"elementor-text-editor elementor-clearfix\">\n\t\t\t\t<p><span style=\"font-weight: 400;\">Bei <\/span><b>CAUCHOPREN<\/b><span style=\"font-weight: 400;\"> f\u00fchrt jedes Kundenbed\u00fcrfnis zu einem pers\u00f6nlichen und professionellen Engagement, in das das Unternehmen seine ganze Kapazit\u00e4t und sein Know-how einbringt, um die optimale L\u00f6sung zu finden.\u00a0\u00a0<\/span><\/p>\t\t\t\t\t<\/div>\n\t\t\t\t\t\t<\/div>\n\t\t\t\t<\/div>\n\t\t\t\t\t\t<\/div>\n\t\t\t\t\t<\/div>\n\t\t<\/div>\n\t\t\t\t<div class=\"elementor-column elementor-col-50 elementor-top-column elementor-element elementor-element-ef40138\" data-id=\"ef40138\" data-element_type=\"column\">\n\t\t\t<div class=\"elementor-column-wrap elementor-element-populated\">\n\t\t\t\t\t\t\t<div class=\"elementor-widget-wrap\">\n\t\t\t\t\t\t<div class=\"elementor-element elementor-element-8c5b77d elementor-widget elementor-widget-image\" data-id=\"8c5b77d\" data-element_type=\"widget\" data-widget_type=\"image.default\">\n\t\t\t\t<div class=\"elementor-widget-container\">\n\t\t\t\t\t\t\t\t<div class=\"elementor-image\">\n\t\t\t\t\t\t\t\t\t\t\t\t<img src=\"https:\/\/cauchopren.com\/wp-content\/uploads\/elementor\/thumbs\/Mision-scaled-oz9zw7qhgwutbc70k20olrix2r1zrzws1mglj2nccs.jpg\" title=\"Mision\" alt=\"Mision\" \/>\t\t\t\t\t\t\t\t\t\t\t\t\t\t<\/div>\n\t\t\t\t\t\t<\/div>\n\t\t\t\t<\/div>\n\t\t\t\t\t\t<\/div>\n\t\t\t\t\t<\/div>\n\t\t<\/div>\n\t\t\t\t\t\t\t\t<\/div>\n\t\t\t\t\t<\/div>\n\t\t<\/section>\n\t\t\t\t\t\t\t\t\t<\/div>\n\t\t\t<\/div>\n\t\t\t\t\t<\/div>\n\t\t","protected":false},"excerpt":{"rendered":"<p>\u00dcber uns Unternehmen Seit Beginn seiner T\u00e4tigkeit im Jahr 1983 ist CAUCHOPREN auf die Herstellung von technischen Gummiformteilen f\u00fcr verschiedene Zwecke in unterschiedlichen Industriezweigen spezialisiert. CAUCHOPREN geh\u00f6rt heute zur DEBLAUKI Group, einem familiengef\u00fchrten Industriekonzern, der sich seit mehreren Generationen der Herstellung von Gummi widmet. Dank der in diesen Jahrzehnten gesammelten Erfahrung, unserem hochqualifizierten, professionellen Team [&hellip;]<\/p>\n","protected":false},"author":1,"featured_media":0,"parent":0,"menu_order":0,"comment_status":"closed","ping_status":"closed","template":"elementor_header_footer","meta":[],"yoast_head":"<!-- This site is optimized with the Yoast SEO plugin v15.5 - https:\/\/yoast.com\/wordpress\/plugins\/seo\/ -->\n<title>\u00dcber uns - Cauchopren<\/title>\n<meta name=\"robots\" content=\"index, follow, max-snippet:-1, max-image-preview:large, max-video-preview:-1\" \/>\n<link rel=\"canonical\" href=\"https:\/\/cauchopren.com\/de\/ueber-uns\/\" \/>\n<meta property=\"og:locale\" content=\"de_DE\" \/>\n<meta property=\"og:type\" content=\"article\" \/>\n<meta property=\"og:title\" content=\"\u00dcber uns - Cauchopren\" \/>\n<meta property=\"og:description\" content=\"\u00dcber uns Unternehmen Seit Beginn seiner T\u00e4tigkeit im Jahr 1983 ist CAUCHOPREN auf die Herstellung von technischen Gummiformteilen f\u00fcr verschiedene Zwecke in unterschiedlichen Industriezweigen spezialisiert. CAUCHOPREN geh\u00f6rt heute zur DEBLAUKI Group, einem familiengef\u00fchrten Industriekonzern, der sich seit mehreren Generationen der Herstellung von Gummi widmet. Dank der in diesen Jahrzehnten gesammelten Erfahrung, unserem hochqualifizierten, professionellen Team [&hellip;]\" \/>\n<meta property=\"og:url\" content=\"https:\/\/cauchopren.com\/de\/ueber-uns\/\" \/>\n<meta property=\"og:site_name\" content=\"Cauchopren\" \/>\n<meta property=\"article:modified_time\" content=\"2022-05-22T08:15:21+00:00\" \/>\n<meta property=\"og:image\" content=\"https:\/\/cauchopren.com\/wp-content\/uploads\/2020\/11\/fachada-2000x1700-600x360-1.jpg\" \/>\n<meta name=\"twitter:card\" content=\"summary_large_image\" \/>\n<meta name=\"twitter:label1\" content=\"Est. reading time\">\n\t<meta name=\"twitter:data1\" content=\"1 minute\">\n<script type=\"application\/ld+json\" class=\"yoast-schema-graph\">{\"@context\":\"https:\/\/schema.org\",\"@graph\":[{\"@type\":\"WebSite\",\"@id\":\"https:\/\/cauchopren.com\/de\/#website\",\"url\":\"https:\/\/cauchopren.com\/de\/\",\"name\":\"Cauchopren\",\"description\":\"Fabricaci\\u00f3n de piezas t\\u00e9cnicas de caucho\",\"potentialAction\":[{\"@type\":\"SearchAction\",\"target\":\"https:\/\/cauchopren.com\/de\/?s={search_term_string}\",\"query-input\":\"required name=search_term_string\"}],\"inLanguage\":\"de-DE\"},{\"@type\":\"ImageObject\",\"@id\":\"https:\/\/cauchopren.com\/de\/ueber-uns\/#primaryimage\",\"inLanguage\":\"de-DE\",\"url\":\"https:\/\/cauchopren.com\/wp-content\/uploads\/2020\/11\/fachada-2000x1700-600x360-1.jpg\",\"width\":600,\"height\":360},{\"@type\":\"WebPage\",\"@id\":\"https:\/\/cauchopren.com\/de\/ueber-uns\/#webpage\",\"url\":\"https:\/\/cauchopren.com\/de\/ueber-uns\/\",\"name\":\"\\u00dcber uns - Cauchopren\",\"isPartOf\":{\"@id\":\"https:\/\/cauchopren.com\/de\/#website\"},\"primaryImageOfPage\":{\"@id\":\"https:\/\/cauchopren.com\/de\/ueber-uns\/#primaryimage\"},\"datePublished\":\"2022-05-22T08:14:10+00:00\",\"dateModified\":\"2022-05-22T08:15:21+00:00\",\"inLanguage\":\"de-DE\",\"potentialAction\":[{\"@type\":\"ReadAction\",\"target\":[\"https:\/\/cauchopren.com\/de\/ueber-uns\/\"]}]}]}<\/script>\n<!-- \/ Yoast SEO plugin. -->","_links":{"self":[{"href":"https:\/\/cauchopren.com\/de\/wp-json\/wp\/v2\/pages\/1402"}],"collection":[{"href":"https:\/\/cauchopren.com\/de\/wp-json\/wp\/v2\/pages"}],"about":[{"href":"https:\/\/cauchopren.com\/de\/wp-json\/wp\/v2\/types\/page"}],"author":[{"embeddable":true,"href":"https:\/\/cauchopren.com\/de\/wp-json\/wp\/v2\/users\/1"}],"replies":[{"embeddable":true,"href":"https:\/\/cauchopren.com\/de\/wp-json\/wp\/v2\/comments?post=1402"}],"version-history":[{"count":4,"href":"https:\/\/cauchopren.com\/de\/wp-json\/wp\/v2\/pages\/1402\/revisions"}],"predecessor-version":[{"id":1410,"href":"https:\/\/cauchopren.com\/de\/wp-json\/wp\/v2\/pages\/1402\/revisions\/1410"}],"wp:attachment":[{"href":"https:\/\/cauchopren.com\/de\/wp-json\/wp\/v2\/media?parent=1402"}],"curies":[{"name":"wp","href":"https:\/\/api.w.org\/{rel}","templated":true}]}}