{"id":1419,"date":"2022-05-22T08:16:16","date_gmt":"2022-05-22T08:16:16","guid":{"rendered":"https:\/\/cauchopren.com\/?page_id=1419"},"modified":"2022-05-22T08:19:00","modified_gmt":"2022-05-22T08:19:00","slug":"anlagen","status":"publish","type":"page","link":"https:\/\/cauchopren.com\/de\/anlagen\/","title":{"rendered":"ANLAGEN"},"content":{"rendered":"\t\t<div data-elementor-type=\"wp-page\" data-elementor-id=\"1419\" class=\"elementor elementor-1419 elementor-36\">\n\t\t\t\t\t\t<div class=\"elementor-inner\">\n\t\t\t\t<div class=\"elementor-section-wrap\">\n\t\t\t\t\t\t\t\t\t<section class=\"elementor-section elementor-top-section elementor-element elementor-element-e3e857b elementor-section-stretched elementor-section-boxed elementor-section-height-default elementor-section-height-default\" data-id=\"e3e857b\" data-element_type=\"section\" data-settings=\"{&quot;stretch_section&quot;:&quot;section-stretched&quot;,&quot;background_background&quot;:&quot;classic&quot;}\">\n\t\t\t\t\t\t<div class=\"elementor-container elementor-column-gap-default\">\n\t\t\t\t\t\t\t<div class=\"elementor-row\">\n\t\t\t\t\t<div class=\"elementor-column elementor-col-100 elementor-top-column elementor-element elementor-element-0cb408c\" data-id=\"0cb408c\" data-element_type=\"column\">\n\t\t\t<div class=\"elementor-column-wrap elementor-element-populated\">\n\t\t\t\t\t\t\t<div class=\"elementor-widget-wrap\">\n\t\t\t\t\t\t<div class=\"elementor-element elementor-element-a025dec elementor-widget elementor-widget-heading\" data-id=\"a025dec\" data-element_type=\"widget\" data-widget_type=\"heading.default\">\n\t\t\t\t<div class=\"elementor-widget-container\">\n\t\t\t<h2 class=\"elementor-heading-title elementor-size-default\">ANLAGEN<\/h2>\t\t<\/div>\n\t\t\t\t<\/div>\n\t\t\t\t\t\t<\/div>\n\t\t\t\t\t<\/div>\n\t\t<\/div>\n\t\t\t\t\t\t\t\t<\/div>\n\t\t\t\t\t<\/div>\n\t\t<\/section>\n\t\t\t\t<section class=\"elementor-section elementor-top-section elementor-element elementor-element-255f979 elementor-section-boxed elementor-section-height-default elementor-section-height-default\" data-id=\"255f979\" data-element_type=\"section\">\n\t\t\t\t\t\t<div class=\"elementor-container elementor-column-gap-default\">\n\t\t\t\t\t\t\t<div class=\"elementor-row\">\n\t\t\t\t\t<div class=\"elementor-column elementor-col-100 elementor-top-column elementor-element elementor-element-7fee51f\" data-id=\"7fee51f\" data-element_type=\"column\">\n\t\t\t<div class=\"elementor-column-wrap elementor-element-populated\">\n\t\t\t\t\t\t\t<div class=\"elementor-widget-wrap\">\n\t\t\t\t\t\t<div class=\"elementor-element elementor-element-f3869cf elementor-widget elementor-widget-text-editor\" data-id=\"f3869cf\" data-element_type=\"widget\" data-widget_type=\"text-editor.default\">\n\t\t\t\t<div class=\"elementor-widget-container\">\n\t\t\t\t\t\t\t\t<div class=\"elementor-text-editor elementor-clearfix\">\n\t\t\t\t<p><span style=\"font-weight: 400;\">Die Anlagen von <\/span><b>CAUCHOPREN<\/b><span style=\"font-weight: 400;\"> erstrecken sich \u00fcber eine Fl\u00e4che von 4.000 m2 und umfassen folgende Produktionsmittel:<\/span><\/p>\t\t\t\t\t<\/div>\n\t\t\t\t\t\t<\/div>\n\t\t\t\t<\/div>\n\t\t\t\t\t\t<\/div>\n\t\t\t\t\t<\/div>\n\t\t<\/div>\n\t\t\t\t\t\t\t\t<\/div>\n\t\t\t\t\t<\/div>\n\t\t<\/section>\n\t\t\t\t<section class=\"elementor-section elementor-top-section elementor-element elementor-element-f825797 elementor-section-boxed elementor-section-height-default elementor-section-height-default\" data-id=\"f825797\" data-element_type=\"section\">\n\t\t\t\t\t\t<div class=\"elementor-container elementor-column-gap-default\">\n\t\t\t\t\t\t\t<div class=\"elementor-row\">\n\t\t\t\t\t<div class=\"elementor-column elementor-col-33 elementor-top-column elementor-element elementor-element-7edefc5\" data-id=\"7edefc5\" data-element_type=\"column\">\n\t\t\t<div class=\"elementor-column-wrap elementor-element-populated\">\n\t\t\t\t\t\t\t<div class=\"elementor-widget-wrap\">\n\t\t\t\t\t\t<div class=\"elementor-element elementor-element-a421c67 elementor-widget elementor-widget-image\" data-id=\"a421c67\" data-element_type=\"widget\" data-widget_type=\"image.default\">\n\t\t\t\t<div class=\"elementor-widget-container\">\n\t\t\t\t\t\t\t\t<div class=\"elementor-image\">\n\t\t\t\t\t\t\t\t\t\t\t\t<img width=\"490\" height=\"545\" src=\"https:\/\/cauchopren.com\/wp-content\/uploads\/2020\/11\/Imagen-1-490x545-1.png\" class=\"attachment-full size-full\" alt=\"\" loading=\"lazy\" srcset=\"https:\/\/cauchopren.com\/wp-content\/uploads\/2020\/11\/Imagen-1-490x545-1.png 490w, https:\/\/cauchopren.com\/wp-content\/uploads\/2020\/11\/Imagen-1-490x545-1-270x300.png 270w\" sizes=\"(max-width: 490px) 100vw, 490px\" \/>\t\t\t\t\t\t\t\t\t\t\t\t\t\t<\/div>\n\t\t\t\t\t\t<\/div>\n\t\t\t\t<\/div>\n\t\t\t\t<div class=\"elementor-element elementor-element-b1c8a9d elementor-widget elementor-widget-text-editor\" data-id=\"b1c8a9d\" data-element_type=\"widget\" data-widget_type=\"text-editor.default\">\n\t\t\t\t<div class=\"elementor-widget-container\">\n\t\t\t\t\t\t\t\t<div class=\"elementor-text-editor elementor-clearfix\">\n\t\t\t\t<p><b>LABOR<br \/><\/b><span style=\"font-weight: 400;\">Konzeption und Entwicklung von Elastomerrezepturen entsprechend der W\u00fcnsche des Kunden. Das Labor verf\u00fcgt \u00fcber die notwendigen Mittel, um die vom Markt geforderten Tests durchzuf\u00fchren. So zum Beispiel:<\/span><\/p><ul><li style=\"font-weight: 400;\" aria-level=\"1\"><span style=\"font-weight: 400;\">Chemische Best\u00e4ndigkeit.<\/span><\/li><li style=\"font-weight: 400;\" aria-level=\"1\"><span style=\"font-weight: 400;\">Abriebfestigkeit.<\/span><\/li><li style=\"font-weight: 400;\" aria-level=\"1\"><span style=\"font-weight: 400;\">Ozonbest\u00e4ndigkeit.<\/span><\/li><li style=\"font-weight: 400;\" aria-level=\"1\"><span style=\"font-weight: 400;\">Temperaturresistenz.<\/span><\/li><li style=\"font-weight: 400;\" aria-level=\"1\"><span style=\"font-weight: 400;\">Widerstandsf\u00e4higkeit.<\/span><\/li><li style=\"font-weight: 400;\" aria-level=\"1\"><span style=\"font-weight: 400;\">Zugfestigkeit.<\/span><\/li><li style=\"font-weight: 400;\" aria-level=\"1\"><span style=\"font-weight: 400;\">usw.<\/span><\/li><\/ul><p><span style=\"font-weight: 400;\">Qualit\u00e4tskontrolle und Verifizierung.<\/span><\/p>\t\t\t\t\t<\/div>\n\t\t\t\t\t\t<\/div>\n\t\t\t\t<\/div>\n\t\t\t\t\t\t<\/div>\n\t\t\t\t\t<\/div>\n\t\t<\/div>\n\t\t\t\t<div class=\"elementor-column elementor-col-33 elementor-top-column elementor-element elementor-element-8bc9833\" data-id=\"8bc9833\" data-element_type=\"column\">\n\t\t\t<div class=\"elementor-column-wrap elementor-element-populated\">\n\t\t\t\t\t\t\t<div class=\"elementor-widget-wrap\">\n\t\t\t\t\t\t<div class=\"elementor-element elementor-element-6d3ddc4 elementor-widget elementor-widget-image\" data-id=\"6d3ddc4\" data-element_type=\"widget\" data-widget_type=\"image.default\">\n\t\t\t\t<div class=\"elementor-widget-container\">\n\t\t\t\t\t\t\t\t<div class=\"elementor-image\">\n\t\t\t\t\t\t\t\t\t\t\t\t<img width=\"922\" height=\"1024\" src=\"https:\/\/cauchopren.com\/wp-content\/uploads\/2020\/11\/RECORTE-1-1080x1200-1-922x1024.jpg\" class=\"attachment-large size-large\" alt=\"\" loading=\"lazy\" srcset=\"https:\/\/cauchopren.com\/wp-content\/uploads\/2020\/11\/RECORTE-1-1080x1200-1-922x1024.jpg 922w, https:\/\/cauchopren.com\/wp-content\/uploads\/2020\/11\/RECORTE-1-1080x1200-1-270x300.jpg 270w, https:\/\/cauchopren.com\/wp-content\/uploads\/2020\/11\/RECORTE-1-1080x1200-1-768x853.jpg 768w, https:\/\/cauchopren.com\/wp-content\/uploads\/2020\/11\/RECORTE-1-1080x1200-1.jpg 1080w\" sizes=\"(max-width: 922px) 100vw, 922px\" \/>\t\t\t\t\t\t\t\t\t\t\t\t\t\t<\/div>\n\t\t\t\t\t\t<\/div>\n\t\t\t\t<\/div>\n\t\t\t\t<div class=\"elementor-element elementor-element-3e48352 elementor-widget elementor-widget-text-editor\" data-id=\"3e48352\" data-element_type=\"widget\" data-widget_type=\"text-editor.default\">\n\t\t\t\t<div class=\"elementor-widget-container\">\n\t\t\t\t\t\t\t\t<div class=\"elementor-text-editor elementor-clearfix\">\n\t\t\t\t<p><b>KONSTRUKTION VON FORMEN UND WERKZEUGEN<br \/><\/b><span style=\"font-weight: 400;\">Wir verf\u00fcgen \u00fcber eine eigene Technikabteilung f\u00fcr die Konzeption und Konstruktion von Formen und Werkzeugen, die zur Herstellung von Gummiformteilen erforderlich sind.<\/span><\/p>\t\t\t\t\t<\/div>\n\t\t\t\t\t\t<\/div>\n\t\t\t\t<\/div>\n\t\t\t\t\t\t<\/div>\n\t\t\t\t\t<\/div>\n\t\t<\/div>\n\t\t\t\t<div class=\"elementor-column elementor-col-33 elementor-top-column elementor-element elementor-element-e134554\" data-id=\"e134554\" data-element_type=\"column\">\n\t\t\t<div class=\"elementor-column-wrap elementor-element-populated\">\n\t\t\t\t\t\t\t<div class=\"elementor-widget-wrap\">\n\t\t\t\t\t\t<div class=\"elementor-element elementor-element-c75e02d elementor-widget elementor-widget-image\" data-id=\"c75e02d\" data-element_type=\"widget\" data-widget_type=\"image.default\">\n\t\t\t\t<div class=\"elementor-widget-container\">\n\t\t\t\t\t\t\t\t<div class=\"elementor-image\">\n\t\t\t\t\t\t\t\t\t\t\t\t<img width=\"656\" height=\"729\" src=\"https:\/\/cauchopren.com\/wp-content\/uploads\/2020\/11\/IMG_5935-656x729-1.png\" class=\"attachment-large size-large\" alt=\"\" loading=\"lazy\" srcset=\"https:\/\/cauchopren.com\/wp-content\/uploads\/2020\/11\/IMG_5935-656x729-1.png 656w, https:\/\/cauchopren.com\/wp-content\/uploads\/2020\/11\/IMG_5935-656x729-1-270x300.png 270w\" sizes=\"(max-width: 656px) 100vw, 656px\" \/>\t\t\t\t\t\t\t\t\t\t\t\t\t\t<\/div>\n\t\t\t\t\t\t<\/div>\n\t\t\t\t<\/div>\n\t\t\t\t<div class=\"elementor-element elementor-element-b1d35ac elementor-widget elementor-widget-text-editor\" data-id=\"b1d35ac\" data-element_type=\"widget\" data-widget_type=\"text-editor.default\">\n\t\t\t\t<div class=\"elementor-widget-container\">\n\t\t\t\t\t\t\t\t<div class=\"elementor-text-editor elementor-clearfix\">\n\t\t\t\t<p><b>PRODUKTIONSBEREICH<br \/><\/b><span style=\"font-weight: 400;\">Unsere hochautomatisierten Produktionsprozesse umfassen u.a. folgende Anlagen:<\/span><\/p><ul><li style=\"font-weight: 400;\" aria-level=\"1\"><span style=\"font-weight: 400;\">Horizontale und vertikale Spritzgusspressen.<\/span><\/li><li style=\"font-weight: 400;\" aria-level=\"1\"><span style=\"font-weight: 400;\">Kryogene Entgratungsanlagen.<\/span><\/li><li style=\"font-weight: 400;\" aria-level=\"1\"><span style=\"font-weight: 400;\">\u00d6fen zur Nachvulkanisierung.<\/span><\/li><\/ul>\t\t\t\t\t<\/div>\n\t\t\t\t\t\t<\/div>\n\t\t\t\t<\/div>\n\t\t\t\t\t\t<\/div>\n\t\t\t\t\t<\/div>\n\t\t<\/div>\n\t\t\t\t\t\t\t\t<\/div>\n\t\t\t\t\t<\/div>\n\t\t<\/section>\n\t\t\t\t<section class=\"elementor-section elementor-top-section elementor-element elementor-element-066d3fc elementor-section-boxed elementor-section-height-default elementor-section-height-default\" data-id=\"066d3fc\" data-element_type=\"section\">\n\t\t\t\t\t\t<div class=\"elementor-container elementor-column-gap-default\">\n\t\t\t\t\t\t\t<div class=\"elementor-row\">\n\t\t\t\t\t<div class=\"elementor-column elementor-col-33 elementor-top-column elementor-element elementor-element-6c1a902\" data-id=\"6c1a902\" data-element_type=\"column\">\n\t\t\t<div class=\"elementor-column-wrap elementor-element-populated\">\n\t\t\t\t\t\t\t<div class=\"elementor-widget-wrap\">\n\t\t\t\t\t\t<div class=\"elementor-element elementor-element-922690d elementor-widget elementor-widget-image\" data-id=\"922690d\" data-element_type=\"widget\" data-widget_type=\"image.default\">\n\t\t\t\t<div class=\"elementor-widget-container\">\n\t\t\t\t\t\t\t\t<div class=\"elementor-image\">\n\t\t\t\t\t\t\t\t\t\t\t\t<img width=\"750\" height=\"834\" src=\"https:\/\/cauchopren.com\/wp-content\/uploads\/2020\/11\/Maquina-750x834-1.png\" class=\"attachment-full size-full\" alt=\"\" loading=\"lazy\" srcset=\"https:\/\/cauchopren.com\/wp-content\/uploads\/2020\/11\/Maquina-750x834-1.png 750w, https:\/\/cauchopren.com\/wp-content\/uploads\/2020\/11\/Maquina-750x834-1-270x300.png 270w\" sizes=\"(max-width: 750px) 100vw, 750px\" \/>\t\t\t\t\t\t\t\t\t\t\t\t\t\t<\/div>\n\t\t\t\t\t\t<\/div>\n\t\t\t\t<\/div>\n\t\t\t\t<div class=\"elementor-element elementor-element-d18beec elementor-widget elementor-widget-text-editor\" data-id=\"d18beec\" data-element_type=\"widget\" data-widget_type=\"text-editor.default\">\n\t\t\t\t<div class=\"elementor-widget-container\">\n\t\t\t\t\t\t\t\t<div class=\"elementor-text-editor elementor-clearfix\">\n\t\t\t\t<p><b>MITTEL ZUR ENTWICKLUNG UND KONTROLLE\u00a0<br \/><\/b><span style=\"font-weight: 400;\">CAUCHOPREN verf\u00fcgt \u00fcber Mittel zur Entwicklung und Kontrolle der Massenproduktion nach aktueller Technik:<\/span><\/p><ul><li style=\"font-weight: 400;\" aria-level=\"1\"><span style=\"font-weight: 400;\">Anlagen zur k\u00fcnstlichen visuellen Kontrolle.<\/span><\/li><li style=\"font-weight: 400;\" aria-level=\"1\"><span style=\"font-weight: 400;\">3D-Designsoftware.<\/span><\/li><li style=\"font-weight: 400;\" aria-level=\"1\"><span style=\"font-weight: 400;\">Verschiedene Messelemente.<\/span><\/li><\/ul>\t\t\t\t\t<\/div>\n\t\t\t\t\t\t<\/div>\n\t\t\t\t<\/div>\n\t\t\t\t\t\t<\/div>\n\t\t\t\t\t<\/div>\n\t\t<\/div>\n\t\t\t\t<div class=\"elementor-column elementor-col-33 elementor-top-column elementor-element elementor-element-66abf35\" data-id=\"66abf35\" data-element_type=\"column\">\n\t\t\t<div class=\"elementor-column-wrap elementor-element-populated\">\n\t\t\t\t\t\t\t<div class=\"elementor-widget-wrap\">\n\t\t\t\t\t\t<div class=\"elementor-element elementor-element-b4a4799 elementor-widget elementor-widget-image\" data-id=\"b4a4799\" data-element_type=\"widget\" data-widget_type=\"image.default\">\n\t\t\t\t<div class=\"elementor-widget-container\">\n\t\t\t\t\t\t\t\t<div class=\"elementor-image\">\n\t\t\t\t\t\t\t\t\t\t\t\t<img width=\"528\" height=\"587\" src=\"https:\/\/cauchopren.com\/wp-content\/uploads\/2020\/11\/MEZCLAS-528x587-1.png\" class=\"attachment-large size-large\" alt=\"\" loading=\"lazy\" srcset=\"https:\/\/cauchopren.com\/wp-content\/uploads\/2020\/11\/MEZCLAS-528x587-1.png 528w, https:\/\/cauchopren.com\/wp-content\/uploads\/2020\/11\/MEZCLAS-528x587-1-270x300.png 270w\" sizes=\"(max-width: 528px) 100vw, 528px\" \/>\t\t\t\t\t\t\t\t\t\t\t\t\t\t<\/div>\n\t\t\t\t\t\t<\/div>\n\t\t\t\t<\/div>\n\t\t\t\t<div class=\"elementor-element elementor-element-a242c18 elementor-widget elementor-widget-text-editor\" data-id=\"a242c18\" data-element_type=\"widget\" data-widget_type=\"text-editor.default\">\n\t\t\t\t<div class=\"elementor-widget-container\">\n\t\t\t\t\t\t\t\t<div class=\"elementor-text-editor elementor-clearfix\">\n\t\t\t\t<p><b>MISCHRAUM<br \/><\/b><span style=\"font-weight: 400;\">Der Mischraum erm\u00f6glicht es uns, eigene Elastomerrezepturen f\u00fcr die Anfertigung unserer Produkte herzustellen. Der Bereich ist u. a. mit folgenden Mitteln ausgestattet:<\/span><\/p><ul><li><span style=\"font-weight: 400;\">1 <\/span><span style=\"font-weight: 400;\">Innenmischer, Typ Bambury.<\/span><\/li><li><span style=\"font-weight: 400;\">3 <\/span><span style=\"font-weight: 400;\">offene Zylinder.<\/span><\/li><li><span style=\"font-weight: 400;\">Bach Off mit computergesteuertem Schneidesystem.<\/span><\/li><li><span style=\"font-weight: 400;\">Poka Yoke computergesteuertes Wiegesystem.<\/span><\/li><\/ul>\t\t\t\t\t<\/div>\n\t\t\t\t\t\t<\/div>\n\t\t\t\t<\/div>\n\t\t\t\t\t\t<\/div>\n\t\t\t\t\t<\/div>\n\t\t<\/div>\n\t\t\t\t<div class=\"elementor-column elementor-col-33 elementor-top-column elementor-element elementor-element-3ede388\" data-id=\"3ede388\" data-element_type=\"column\">\n\t\t\t<div class=\"elementor-column-wrap\">\n\t\t\t\t\t\t\t<div class=\"elementor-widget-wrap\">\n\t\t\t\t\t\t\t\t<\/div>\n\t\t\t\t\t<\/div>\n\t\t<\/div>\n\t\t\t\t\t\t\t\t<\/div>\n\t\t\t\t\t<\/div>\n\t\t<\/section>\n\t\t\t\t\t\t\t\t\t<\/div>\n\t\t\t<\/div>\n\t\t\t\t\t<\/div>\n\t\t","protected":false},"excerpt":{"rendered":"<p>ANLAGEN Die Anlagen von CAUCHOPREN erstrecken sich \u00fcber eine Fl\u00e4che von 4.000 m2 und umfassen folgende Produktionsmittel: LABORKonzeption und Entwicklung von Elastomerrezepturen entsprechend der W\u00fcnsche des Kunden. Das Labor verf\u00fcgt \u00fcber die notwendigen Mittel, um die vom Markt geforderten Tests durchzuf\u00fchren. So zum Beispiel: Chemische Best\u00e4ndigkeit. Abriebfestigkeit. Ozonbest\u00e4ndigkeit. Temperaturresistenz. Widerstandsf\u00e4higkeit. Zugfestigkeit. usw. Qualit\u00e4tskontrolle und Verifizierung. [&hellip;]<\/p>\n","protected":false},"author":1,"featured_media":0,"parent":0,"menu_order":0,"comment_status":"closed","ping_status":"closed","template":"elementor_header_footer","meta":[],"yoast_head":"<!-- This site is optimized with the Yoast SEO plugin v15.5 - https:\/\/yoast.com\/wordpress\/plugins\/seo\/ -->\n<title>ANLAGEN - Cauchopren<\/title>\n<meta name=\"robots\" content=\"index, follow, max-snippet:-1, max-image-preview:large, max-video-preview:-1\" \/>\n<link rel=\"canonical\" href=\"https:\/\/cauchopren.com\/de\/anlagen\/\" \/>\n<meta property=\"og:locale\" content=\"de_DE\" \/>\n<meta property=\"og:type\" content=\"article\" \/>\n<meta property=\"og:title\" content=\"ANLAGEN - Cauchopren\" \/>\n<meta property=\"og:description\" content=\"ANLAGEN Die Anlagen von CAUCHOPREN erstrecken sich \u00fcber eine Fl\u00e4che von 4.000 m2 und umfassen folgende Produktionsmittel: LABORKonzeption und Entwicklung von Elastomerrezepturen entsprechend der W\u00fcnsche des Kunden. Das Labor verf\u00fcgt \u00fcber die notwendigen Mittel, um die vom Markt geforderten Tests durchzuf\u00fchren. So zum Beispiel: Chemische Best\u00e4ndigkeit. Abriebfestigkeit. Ozonbest\u00e4ndigkeit. Temperaturresistenz. Widerstandsf\u00e4higkeit. Zugfestigkeit. usw. Qualit\u00e4tskontrolle und Verifizierung. [&hellip;]\" \/>\n<meta property=\"og:url\" content=\"https:\/\/cauchopren.com\/de\/anlagen\/\" \/>\n<meta property=\"og:site_name\" content=\"Cauchopren\" \/>\n<meta property=\"article:modified_time\" content=\"2022-05-22T08:19:00+00:00\" \/>\n<meta property=\"og:image\" content=\"https:\/\/cauchopren.com\/wp-content\/uploads\/2020\/11\/Imagen-1-490x545-1.png\" \/>\n<meta name=\"twitter:card\" content=\"summary_large_image\" \/>\n<meta name=\"twitter:label1\" content=\"Est. reading time\">\n\t<meta name=\"twitter:data1\" content=\"1 minute\">\n<script type=\"application\/ld+json\" class=\"yoast-schema-graph\">{\"@context\":\"https:\/\/schema.org\",\"@graph\":[{\"@type\":\"WebSite\",\"@id\":\"https:\/\/cauchopren.com\/de\/#website\",\"url\":\"https:\/\/cauchopren.com\/de\/\",\"name\":\"Cauchopren\",\"description\":\"Fabricaci\\u00f3n de piezas t\\u00e9cnicas de caucho\",\"potentialAction\":[{\"@type\":\"SearchAction\",\"target\":\"https:\/\/cauchopren.com\/de\/?s={search_term_string}\",\"query-input\":\"required name=search_term_string\"}],\"inLanguage\":\"de-DE\"},{\"@type\":\"ImageObject\",\"@id\":\"https:\/\/cauchopren.com\/de\/anlagen\/#primaryimage\",\"inLanguage\":\"de-DE\",\"url\":\"https:\/\/cauchopren.com\/wp-content\/uploads\/2020\/11\/Imagen-1-490x545-1.png\",\"width\":490,\"height\":545},{\"@type\":\"WebPage\",\"@id\":\"https:\/\/cauchopren.com\/de\/anlagen\/#webpage\",\"url\":\"https:\/\/cauchopren.com\/de\/anlagen\/\",\"name\":\"ANLAGEN - Cauchopren\",\"isPartOf\":{\"@id\":\"https:\/\/cauchopren.com\/de\/#website\"},\"primaryImageOfPage\":{\"@id\":\"https:\/\/cauchopren.com\/de\/anlagen\/#primaryimage\"},\"datePublished\":\"2022-05-22T08:16:16+00:00\",\"dateModified\":\"2022-05-22T08:19:00+00:00\",\"inLanguage\":\"de-DE\",\"potentialAction\":[{\"@type\":\"ReadAction\",\"target\":[\"https:\/\/cauchopren.com\/de\/anlagen\/\"]}]}]}<\/script>\n<!-- \/ Yoast SEO plugin. -->","_links":{"self":[{"href":"https:\/\/cauchopren.com\/de\/wp-json\/wp\/v2\/pages\/1419"}],"collection":[{"href":"https:\/\/cauchopren.com\/de\/wp-json\/wp\/v2\/pages"}],"about":[{"href":"https:\/\/cauchopren.com\/de\/wp-json\/wp\/v2\/types\/page"}],"author":[{"embeddable":true,"href":"https:\/\/cauchopren.com\/de\/wp-json\/wp\/v2\/users\/1"}],"replies":[{"embeddable":true,"href":"https:\/\/cauchopren.com\/de\/wp-json\/wp\/v2\/comments?post=1419"}],"version-history":[{"count":7,"href":"https:\/\/cauchopren.com\/de\/wp-json\/wp\/v2\/pages\/1419\/revisions"}],"predecessor-version":[{"id":1426,"href":"https:\/\/cauchopren.com\/de\/wp-json\/wp\/v2\/pages\/1419\/revisions\/1426"}],"wp:attachment":[{"href":"https:\/\/cauchopren.com\/de\/wp-json\/wp\/v2\/media?parent=1419"}],"curies":[{"name":"wp","href":"https:\/\/api.w.org\/{rel}","templated":true}]}}