{"id":1449,"date":"2022-05-22T08:20:15","date_gmt":"2022-05-22T08:20:15","guid":{"rendered":"https:\/\/cauchopren.com\/?page_id=1449"},"modified":"2022-05-22T08:21:30","modified_gmt":"2022-05-22T08:21:30","slug":"forschung-und-entwicklung","status":"publish","type":"page","link":"https:\/\/cauchopren.com\/de\/forschung-und-entwicklung\/","title":{"rendered":"Forschung und Entwicklung"},"content":{"rendered":"\t\t<div data-elementor-type=\"wp-page\" data-elementor-id=\"1449\" class=\"elementor elementor-1449 elementor-38\">\n\t\t\t\t\t\t<div class=\"elementor-inner\">\n\t\t\t\t<div class=\"elementor-section-wrap\">\n\t\t\t\t\t\t\t\t\t<section class=\"elementor-section elementor-top-section elementor-element elementor-element-7683d28 elementor-section-stretched elementor-section-boxed elementor-section-height-default elementor-section-height-default\" data-id=\"7683d28\" data-element_type=\"section\" data-settings=\"{&quot;stretch_section&quot;:&quot;section-stretched&quot;,&quot;background_background&quot;:&quot;classic&quot;}\">\n\t\t\t\t\t\t<div class=\"elementor-container elementor-column-gap-default\">\n\t\t\t\t\t\t\t<div class=\"elementor-row\">\n\t\t\t\t\t<div class=\"elementor-column elementor-col-100 elementor-top-column elementor-element elementor-element-d3e3fe4\" data-id=\"d3e3fe4\" data-element_type=\"column\">\n\t\t\t<div class=\"elementor-column-wrap elementor-element-populated\">\n\t\t\t\t\t\t\t<div class=\"elementor-widget-wrap\">\n\t\t\t\t\t\t<div class=\"elementor-element elementor-element-41dfb98 elementor-widget elementor-widget-heading\" data-id=\"41dfb98\" data-element_type=\"widget\" data-widget_type=\"heading.default\">\n\t\t\t\t<div class=\"elementor-widget-container\">\n\t\t\t<h2 class=\"elementor-heading-title elementor-size-default\">Forschung und Entwicklung<\/h2>\t\t<\/div>\n\t\t\t\t<\/div>\n\t\t\t\t\t\t<\/div>\n\t\t\t\t\t<\/div>\n\t\t<\/div>\n\t\t\t\t\t\t\t\t<\/div>\n\t\t\t\t\t<\/div>\n\t\t<\/section>\n\t\t\t\t<section class=\"elementor-section elementor-top-section elementor-element elementor-element-f825797 elementor-section-boxed elementor-section-height-default elementor-section-height-default\" data-id=\"f825797\" data-element_type=\"section\">\n\t\t\t\t\t\t<div class=\"elementor-container elementor-column-gap-default\">\n\t\t\t\t\t\t\t<div class=\"elementor-row\">\n\t\t\t\t\t<div class=\"elementor-column elementor-col-50 elementor-top-column elementor-element elementor-element-c528df1\" data-id=\"c528df1\" data-element_type=\"column\">\n\t\t\t<div class=\"elementor-column-wrap elementor-element-populated\">\n\t\t\t\t\t\t\t<div class=\"elementor-widget-wrap\">\n\t\t\t\t\t\t<div class=\"elementor-element elementor-element-a421c67 elementor-widget elementor-widget-image\" data-id=\"a421c67\" data-element_type=\"widget\" data-widget_type=\"image.default\">\n\t\t\t\t<div class=\"elementor-widget-container\">\n\t\t\t\t\t\t\t\t<div class=\"elementor-image\">\n\t\t\t\t\t\t\t\t\t\t\t\t<img width=\"900\" height=\"598\" src=\"https:\/\/cauchopren.com\/wp-content\/uploads\/2020\/11\/Lab-1.jpg\" class=\"attachment-large size-large\" alt=\"\" loading=\"lazy\" srcset=\"https:\/\/cauchopren.com\/wp-content\/uploads\/2020\/11\/Lab-1.jpg 900w, https:\/\/cauchopren.com\/wp-content\/uploads\/2020\/11\/Lab-1-300x199.jpg 300w, https:\/\/cauchopren.com\/wp-content\/uploads\/2020\/11\/Lab-1-768x510.jpg 768w\" sizes=\"(max-width: 900px) 100vw, 900px\" \/>\t\t\t\t\t\t\t\t\t\t\t\t\t\t<\/div>\n\t\t\t\t\t\t<\/div>\n\t\t\t\t<\/div>\n\t\t\t\t\t\t<\/div>\n\t\t\t\t\t<\/div>\n\t\t<\/div>\n\t\t\t\t<div class=\"elementor-column elementor-col-50 elementor-top-column elementor-element elementor-element-7edefc5\" data-id=\"7edefc5\" data-element_type=\"column\">\n\t\t\t<div class=\"elementor-column-wrap elementor-element-populated\">\n\t\t\t\t\t\t\t<div class=\"elementor-widget-wrap\">\n\t\t\t\t\t\t<div class=\"elementor-element elementor-element-ba6d0a8 elementor-widget elementor-widget-heading\" data-id=\"ba6d0a8\" data-element_type=\"widget\" data-widget_type=\"heading.default\">\n\t\t\t\t<div class=\"elementor-widget-container\">\n\t\t\t<h1 class=\"elementor-heading-title elementor-size-default\">Labor<\/h1>\t\t<\/div>\n\t\t\t\t<\/div>\n\t\t\t\t<div class=\"elementor-element elementor-element-3463230 elementor-widget elementor-widget-text-editor\" data-id=\"3463230\" data-element_type=\"widget\" data-widget_type=\"text-editor.default\">\n\t\t\t\t<div class=\"elementor-widget-container\">\n\t\t\t\t\t\t\t\t<div class=\"elementor-text-editor elementor-clearfix\">\n\t\t\t\t<p><span style=\"font-weight: 400;\">Das Labor ist ein wichtiger Bestandteil f\u00fcr die Entwicklung neuer Rezepturen und die \u00dcberwachung der Qualit\u00e4t unserer Produkte. Hierf\u00fcr ist es mit modernsten Instrumenten ausgestattet, die f\u00fcr die Entwicklung von Rezepturen nach den anspruchsvollsten Spezifikationen unerl\u00e4sslich sind.<\/span><\/p>\t\t\t\t\t<\/div>\n\t\t\t\t\t\t<\/div>\n\t\t\t\t<\/div>\n\t\t\t\t\t\t<\/div>\n\t\t\t\t\t<\/div>\n\t\t<\/div>\n\t\t\t\t\t\t\t\t<\/div>\n\t\t\t\t\t<\/div>\n\t\t<\/section>\n\t\t\t\t<section class=\"elementor-section elementor-top-section elementor-element elementor-element-aef40f3 elementor-reverse-mobile elementor-section-boxed elementor-section-height-default elementor-section-height-default\" data-id=\"aef40f3\" data-element_type=\"section\">\n\t\t\t\t\t\t<div class=\"elementor-container elementor-column-gap-default\">\n\t\t\t\t\t\t\t<div class=\"elementor-row\">\n\t\t\t\t\t<div class=\"elementor-column elementor-col-50 elementor-top-column elementor-element elementor-element-a3d3a10\" data-id=\"a3d3a10\" data-element_type=\"column\">\n\t\t\t<div class=\"elementor-column-wrap elementor-element-populated\">\n\t\t\t\t\t\t\t<div class=\"elementor-widget-wrap\">\n\t\t\t\t\t\t<div class=\"elementor-element elementor-element-8d992ce elementor-widget elementor-widget-heading\" data-id=\"8d992ce\" data-element_type=\"widget\" data-widget_type=\"heading.default\">\n\t\t\t\t<div class=\"elementor-widget-container\">\n\t\t\t<h1 class=\"elementor-heading-title elementor-size-default\">Individuelle Rezepturen\n<\/h1>\t\t<\/div>\n\t\t\t\t<\/div>\n\t\t\t\t<div class=\"elementor-element elementor-element-8a0abc2 elementor-widget elementor-widget-text-editor\" data-id=\"8a0abc2\" data-element_type=\"widget\" data-widget_type=\"text-editor.default\">\n\t\t\t\t<div class=\"elementor-widget-container\">\n\t\t\t\t\t\t\t\t<div class=\"elementor-text-editor elementor-clearfix\">\n\t\t\t\t<p><span style=\"font-weight: 400;\">Das \u00fcber Jahrzehnte angesammelte Know-how des Industriekonzerns, zu dem CAUCHOPREN geh\u00f6rt, und die enge Zusammenarbeit mit den Kunden erm\u00f6glichen es uns, optimale L\u00f6sungen f\u00fcr die Anforderungen jedes Projekts zu bieten.<\/span><\/p>\t\t\t\t\t<\/div>\n\t\t\t\t\t\t<\/div>\n\t\t\t\t<\/div>\n\t\t\t\t\t\t<\/div>\n\t\t\t\t\t<\/div>\n\t\t<\/div>\n\t\t\t\t<div class=\"elementor-column elementor-col-50 elementor-top-column elementor-element elementor-element-6053829\" data-id=\"6053829\" data-element_type=\"column\">\n\t\t\t<div class=\"elementor-column-wrap elementor-element-populated\">\n\t\t\t\t\t\t\t<div class=\"elementor-widget-wrap\">\n\t\t\t\t\t\t<div class=\"elementor-element elementor-element-a3dd289 elementor-widget elementor-widget-image\" data-id=\"a3dd289\" data-element_type=\"widget\" data-widget_type=\"image.default\">\n\t\t\t\t<div class=\"elementor-widget-container\">\n\t\t\t\t\t\t\t\t<div class=\"elementor-image\">\n\t\t\t\t\t\t\t\t\t\t\t\t<img width=\"900\" height=\"600\" src=\"https:\/\/cauchopren.com\/wp-content\/uploads\/2020\/11\/CA-4-900x600-1.jpg\" class=\"attachment-large size-large\" alt=\"\" loading=\"lazy\" srcset=\"https:\/\/cauchopren.com\/wp-content\/uploads\/2020\/11\/CA-4-900x600-1.jpg 900w, https:\/\/cauchopren.com\/wp-content\/uploads\/2020\/11\/CA-4-900x600-1-300x200.jpg 300w, https:\/\/cauchopren.com\/wp-content\/uploads\/2020\/11\/CA-4-900x600-1-768x512.jpg 768w\" sizes=\"(max-width: 900px) 100vw, 900px\" \/>\t\t\t\t\t\t\t\t\t\t\t\t\t\t<\/div>\n\t\t\t\t\t\t<\/div>\n\t\t\t\t<\/div>\n\t\t\t\t\t\t<\/div>\n\t\t\t\t\t<\/div>\n\t\t<\/div>\n\t\t\t\t\t\t\t\t<\/div>\n\t\t\t\t\t<\/div>\n\t\t<\/section>\n\t\t\t\t<section class=\"elementor-section elementor-top-section elementor-element elementor-element-6ab76db elementor-section-boxed elementor-section-height-default elementor-section-height-default\" data-id=\"6ab76db\" data-element_type=\"section\">\n\t\t\t\t\t\t<div class=\"elementor-container elementor-column-gap-default\">\n\t\t\t\t\t\t\t<div class=\"elementor-row\">\n\t\t\t\t\t<div class=\"elementor-column elementor-col-50 elementor-top-column elementor-element elementor-element-ef40138\" data-id=\"ef40138\" data-element_type=\"column\">\n\t\t\t<div class=\"elementor-column-wrap elementor-element-populated\">\n\t\t\t\t\t\t\t<div class=\"elementor-widget-wrap\">\n\t\t\t\t\t\t<div class=\"elementor-element elementor-element-4aec076 elementor-widget elementor-widget-image\" data-id=\"4aec076\" data-element_type=\"widget\" data-widget_type=\"image.default\">\n\t\t\t\t<div class=\"elementor-widget-container\">\n\t\t\t\t\t\t\t\t<div class=\"elementor-image\">\n\t\t\t\t\t\t\t\t\t\t\t\t<img width=\"768\" height=\"371\" src=\"https:\/\/cauchopren.com\/wp-content\/uploads\/2020\/11\/VERIFICACION-1-768x371.png\" class=\"attachment-medium_large size-medium_large\" alt=\"\" loading=\"lazy\" srcset=\"https:\/\/cauchopren.com\/wp-content\/uploads\/2020\/11\/VERIFICACION-1-768x371.png 768w, https:\/\/cauchopren.com\/wp-content\/uploads\/2020\/11\/VERIFICACION-1-300x145.png 300w, https:\/\/cauchopren.com\/wp-content\/uploads\/2020\/11\/VERIFICACION-1.png 870w\" sizes=\"(max-width: 768px) 100vw, 768px\" \/>\t\t\t\t\t\t\t\t\t\t\t\t\t\t<\/div>\n\t\t\t\t\t\t<\/div>\n\t\t\t\t<\/div>\n\t\t\t\t\t\t<\/div>\n\t\t\t\t\t<\/div>\n\t\t<\/div>\n\t\t\t\t<div class=\"elementor-column elementor-col-50 elementor-top-column elementor-element elementor-element-8665227\" data-id=\"8665227\" data-element_type=\"column\">\n\t\t\t<div class=\"elementor-column-wrap elementor-element-populated\">\n\t\t\t\t\t\t\t<div class=\"elementor-widget-wrap\">\n\t\t\t\t\t\t<div class=\"elementor-element elementor-element-da66b57 elementor-widget elementor-widget-heading\" data-id=\"da66b57\" data-element_type=\"widget\" data-widget_type=\"heading.default\">\n\t\t\t\t<div class=\"elementor-widget-container\">\n\t\t\t<h1 class=\"elementor-heading-title elementor-size-default\">Gepr\u00fcfte Qualit\u00e4t<\/h1>\t\t<\/div>\n\t\t\t\t<\/div>\n\t\t\t\t<div class=\"elementor-element elementor-element-642daf7 elementor-widget elementor-widget-text-editor\" data-id=\"642daf7\" data-element_type=\"widget\" data-widget_type=\"text-editor.default\">\n\t\t\t\t<div class=\"elementor-widget-container\">\n\t\t\t\t\t\t\t\t<div class=\"elementor-text-editor elementor-clearfix\">\n\t\t\t\t<p><span style=\"font-weight: 400;\">In unserem Labor wird die Qualit\u00e4t der hergestellten Gummimischungen vor dem Einsatz und nach der Verarbeitung systematisch gepr\u00fcft.<\/span><\/p><p><span style=\"font-weight: 400;\">Der gesamte Prozess \u00fcber Konzeption und Produktion bis hin zur Endkontrolle wird unter Einhaltung der Qualit\u00e4tsstandards, die jedem Kunden zugesagt werden, durchgef\u00fchrt.<\/span><span style=\"font-weight: 400;\">\u00a9<\/span><\/p><p><span style=\"font-weight: 400;\">Der gesamte Konzeptions-, Produktions- und Endkontrollprozess l\u00e4uft unter Ber\u00fccksichtigung der Qualit\u00e4tsstandards, die dem Kunden versprochen wurden.<\/span><\/p>\t\t\t\t\t<\/div>\n\t\t\t\t\t\t<\/div>\n\t\t\t\t<\/div>\n\t\t\t\t\t\t<\/div>\n\t\t\t\t\t<\/div>\n\t\t<\/div>\n\t\t\t\t\t\t\t\t<\/div>\n\t\t\t\t\t<\/div>\n\t\t<\/section>\n\t\t\t\t\t\t\t\t\t<\/div>\n\t\t\t<\/div>\n\t\t\t\t\t<\/div>\n\t\t","protected":false},"excerpt":{"rendered":"<p>Forschung und Entwicklung Labor Das Labor ist ein wichtiger Bestandteil f\u00fcr die Entwicklung neuer Rezepturen und die \u00dcberwachung der Qualit\u00e4t unserer Produkte. Hierf\u00fcr ist es mit modernsten Instrumenten ausgestattet, die f\u00fcr die Entwicklung von Rezepturen nach den anspruchsvollsten Spezifikationen unerl\u00e4sslich sind. Individuelle Rezepturen Das \u00fcber Jahrzehnte angesammelte Know-how des Industriekonzerns, zu dem CAUCHOPREN geh\u00f6rt, und [&hellip;]<\/p>\n","protected":false},"author":1,"featured_media":0,"parent":0,"menu_order":0,"comment_status":"closed","ping_status":"closed","template":"elementor_header_footer","meta":[],"yoast_head":"<!-- This site is optimized with the Yoast SEO plugin v15.5 - https:\/\/yoast.com\/wordpress\/plugins\/seo\/ -->\n<title>Forschung und Entwicklung - Cauchopren<\/title>\n<meta name=\"robots\" content=\"index, follow, max-snippet:-1, max-image-preview:large, max-video-preview:-1\" \/>\n<link rel=\"canonical\" href=\"https:\/\/cauchopren.com\/de\/forschung-und-entwicklung\/\" \/>\n<meta property=\"og:locale\" content=\"de_DE\" \/>\n<meta property=\"og:type\" content=\"article\" \/>\n<meta property=\"og:title\" content=\"Forschung und Entwicklung - Cauchopren\" \/>\n<meta property=\"og:description\" content=\"Forschung und Entwicklung Labor Das Labor ist ein wichtiger Bestandteil f\u00fcr die Entwicklung neuer Rezepturen und die \u00dcberwachung der Qualit\u00e4t unserer Produkte. Hierf\u00fcr ist es mit modernsten Instrumenten ausgestattet, die f\u00fcr die Entwicklung von Rezepturen nach den anspruchsvollsten Spezifikationen unerl\u00e4sslich sind. Individuelle Rezepturen Das \u00fcber Jahrzehnte angesammelte Know-how des Industriekonzerns, zu dem CAUCHOPREN geh\u00f6rt, und [&hellip;]\" \/>\n<meta property=\"og:url\" content=\"https:\/\/cauchopren.com\/de\/forschung-und-entwicklung\/\" \/>\n<meta property=\"og:site_name\" content=\"Cauchopren\" \/>\n<meta property=\"article:modified_time\" content=\"2022-05-22T08:21:30+00:00\" \/>\n<meta property=\"og:image\" content=\"https:\/\/cauchopren.com\/wp-content\/uploads\/2020\/11\/Lab-1.jpg\" \/>\n<meta name=\"twitter:card\" content=\"summary_large_image\" \/>\n<meta name=\"twitter:label1\" content=\"Est. reading time\">\n\t<meta name=\"twitter:data1\" content=\"1 minute\">\n<script type=\"application\/ld+json\" class=\"yoast-schema-graph\">{\"@context\":\"https:\/\/schema.org\",\"@graph\":[{\"@type\":\"WebSite\",\"@id\":\"https:\/\/cauchopren.com\/de\/#website\",\"url\":\"https:\/\/cauchopren.com\/de\/\",\"name\":\"Cauchopren\",\"description\":\"Fabricaci\\u00f3n de piezas t\\u00e9cnicas de caucho\",\"potentialAction\":[{\"@type\":\"SearchAction\",\"target\":\"https:\/\/cauchopren.com\/de\/?s={search_term_string}\",\"query-input\":\"required name=search_term_string\"}],\"inLanguage\":\"de-DE\"},{\"@type\":\"ImageObject\",\"@id\":\"https:\/\/cauchopren.com\/de\/forschung-und-entwicklung\/#primaryimage\",\"inLanguage\":\"de-DE\",\"url\":\"https:\/\/cauchopren.com\/wp-content\/uploads\/2020\/11\/Lab-1.jpg\",\"width\":900,\"height\":598},{\"@type\":\"WebPage\",\"@id\":\"https:\/\/cauchopren.com\/de\/forschung-und-entwicklung\/#webpage\",\"url\":\"https:\/\/cauchopren.com\/de\/forschung-und-entwicklung\/\",\"name\":\"Forschung und Entwicklung - Cauchopren\",\"isPartOf\":{\"@id\":\"https:\/\/cauchopren.com\/de\/#website\"},\"primaryImageOfPage\":{\"@id\":\"https:\/\/cauchopren.com\/de\/forschung-und-entwicklung\/#primaryimage\"},\"datePublished\":\"2022-05-22T08:20:15+00:00\",\"dateModified\":\"2022-05-22T08:21:30+00:00\",\"inLanguage\":\"de-DE\",\"potentialAction\":[{\"@type\":\"ReadAction\",\"target\":[\"https:\/\/cauchopren.com\/de\/forschung-und-entwicklung\/\"]}]}]}<\/script>\n<!-- \/ Yoast SEO plugin. -->","_links":{"self":[{"href":"https:\/\/cauchopren.com\/de\/wp-json\/wp\/v2\/pages\/1449"}],"collection":[{"href":"https:\/\/cauchopren.com\/de\/wp-json\/wp\/v2\/pages"}],"about":[{"href":"https:\/\/cauchopren.com\/de\/wp-json\/wp\/v2\/types\/page"}],"author":[{"embeddable":true,"href":"https:\/\/cauchopren.com\/de\/wp-json\/wp\/v2\/users\/1"}],"replies":[{"embeddable":true,"href":"https:\/\/cauchopren.com\/de\/wp-json\/wp\/v2\/comments?post=1449"}],"version-history":[{"count":4,"href":"https:\/\/cauchopren.com\/de\/wp-json\/wp\/v2\/pages\/1449\/revisions"}],"predecessor-version":[{"id":1453,"href":"https:\/\/cauchopren.com\/de\/wp-json\/wp\/v2\/pages\/1449\/revisions\/1453"}],"wp:attachment":[{"href":"https:\/\/cauchopren.com\/de\/wp-json\/wp\/v2\/media?parent=1449"}],"curies":[{"name":"wp","href":"https:\/\/api.w.org\/{rel}","templated":true}]}}