{"id":1477,"date":"2022-05-22T08:22:25","date_gmt":"2022-05-22T08:22:25","guid":{"rendered":"https:\/\/cauchopren.com\/?page_id=1477"},"modified":"2025-01-10T10:11:44","modified_gmt":"2025-01-10T10:11:44","slug":"qualitaet","status":"publish","type":"page","link":"https:\/\/cauchopren.com\/de\/qualitaet\/","title":{"rendered":"Qualit\u00e4t"},"content":{"rendered":"\t\t<div data-elementor-type=\"wp-page\" data-elementor-id=\"1477\" class=\"elementor elementor-1477 elementor-40\">\n\t\t\t\t\t\t<div class=\"elementor-inner\">\n\t\t\t\t<div class=\"elementor-section-wrap\">\n\t\t\t\t\t\t\t\t\t<section class=\"elementor-section elementor-top-section elementor-element elementor-element-e3e857b elementor-section-stretched elementor-section-boxed elementor-section-height-default elementor-section-height-default\" data-id=\"e3e857b\" data-element_type=\"section\" data-settings=\"{&quot;stretch_section&quot;:&quot;section-stretched&quot;,&quot;background_background&quot;:&quot;classic&quot;}\">\n\t\t\t\t\t\t<div class=\"elementor-container elementor-column-gap-default\">\n\t\t\t\t\t\t\t<div class=\"elementor-row\">\n\t\t\t\t\t<div class=\"elementor-column elementor-col-100 elementor-top-column elementor-element elementor-element-0cb408c\" data-id=\"0cb408c\" data-element_type=\"column\">\n\t\t\t<div class=\"elementor-column-wrap elementor-element-populated\">\n\t\t\t\t\t\t\t<div class=\"elementor-widget-wrap\">\n\t\t\t\t\t\t<div class=\"elementor-element elementor-element-d336170 elementor-widget elementor-widget-heading\" data-id=\"d336170\" data-element_type=\"widget\" data-widget_type=\"heading.default\">\n\t\t\t\t<div class=\"elementor-widget-container\">\n\t\t\t<h2 class=\"elementor-heading-title elementor-size-default\">Qualit\u00e4t<\/h2>\t\t<\/div>\n\t\t\t\t<\/div>\n\t\t\t\t\t\t<\/div>\n\t\t\t\t\t<\/div>\n\t\t<\/div>\n\t\t\t\t\t\t\t\t<\/div>\n\t\t\t\t\t<\/div>\n\t\t<\/section>\n\t\t\t\t<section class=\"elementor-section elementor-top-section elementor-element elementor-element-f825797 elementor-section-boxed elementor-section-height-default elementor-section-height-default\" data-id=\"f825797\" data-element_type=\"section\">\n\t\t\t\t\t\t<div class=\"elementor-container elementor-column-gap-default\">\n\t\t\t\t\t\t\t<div class=\"elementor-row\">\n\t\t\t\t\t<div class=\"elementor-column elementor-col-50 elementor-top-column elementor-element elementor-element-7edefc5\" data-id=\"7edefc5\" data-element_type=\"column\">\n\t\t\t<div class=\"elementor-column-wrap elementor-element-populated\">\n\t\t\t\t\t\t\t<div class=\"elementor-widget-wrap\">\n\t\t\t\t\t\t<div class=\"elementor-element elementor-element-3463230 elementor-widget elementor-widget-text-editor\" data-id=\"3463230\" data-element_type=\"widget\" data-widget_type=\"text-editor.default\">\n\t\t\t\t<div class=\"elementor-widget-container\">\n\t\t\t\t\t\t\t\t<div class=\"elementor-text-editor elementor-clearfix\">\n\t\t\t\t<p><span style=\"font-weight: 400;\">Die Qualit\u00e4t der Systeme und Prozesse ist an die anspruchsvollsten internationalen Standards angepasst und hat folgende Zertifizierungen:<\/span><\/p><p><span style=\"color: #000000;\"><a style=\"color: #000000;\" href=\"https:\/\/cauchopren.com\/wp-content\/uploads\/2025\/01\/ISO_9.001.pdf\" target=\"_blank\" rel=\"noopener\">ISO9001<\/a><\/span><\/p><p><span style=\"color: #000000;\"><a style=\"color: #000000;\" href=\"https:\/\/cauchopren.com\/wp-content\/uploads\/2025\/01\/IATF_16.949.pdf\" target=\"_blank\" rel=\"noopener\">IATF16949<\/a><\/span><\/p><p><span style=\"color: #000000;\"><a style=\"color: #000000;\" href=\"https:\/\/cauchopren.com\/wp-content\/uploads\/2025\/01\/ISO_14.001.pdf\" target=\"_blank\" rel=\"noopener\">ISO14001<\/a><\/span><\/p><p><span style=\"font-weight: 400;\">Zus\u00e4tzlich zu den oben genannten Zertifizierungen verf\u00fcgt CAUCHOPREN \u00fcber die anspruchsvollsten Zulassungen der wichtigsten Konzerne aus der Automobilbranche, wie Volkswagen, Magna, Kongsberg, Lear, TI Automotive, etc.<\/span><\/p>\t\t\t\t\t<\/div>\n\t\t\t\t\t\t<\/div>\n\t\t\t\t<\/div>\n\t\t\t\t\t\t<\/div>\n\t\t\t\t\t<\/div>\n\t\t<\/div>\n\t\t\t\t<div class=\"elementor-column elementor-col-50 elementor-top-column elementor-element elementor-element-c528df1\" data-id=\"c528df1\" data-element_type=\"column\">\n\t\t\t<div class=\"elementor-column-wrap elementor-element-populated\">\n\t\t\t\t\t\t\t<div class=\"elementor-widget-wrap\">\n\t\t\t\t\t\t<div class=\"elementor-element elementor-element-8336696 elementor-arrows-position-inside elementor-widget elementor-widget-image-carousel\" data-id=\"8336696\" data-element_type=\"widget\" data-settings=\"{&quot;slides_to_show&quot;:&quot;1&quot;,&quot;navigation&quot;:&quot;arrows&quot;,&quot;autoplay&quot;:&quot;yes&quot;,&quot;pause_on_hover&quot;:&quot;yes&quot;,&quot;pause_on_interaction&quot;:&quot;yes&quot;,&quot;autoplay_speed&quot;:5000,&quot;infinite&quot;:&quot;yes&quot;,&quot;effect&quot;:&quot;slide&quot;,&quot;speed&quot;:500}\" data-widget_type=\"image-carousel.default\">\n\t\t\t\t<div class=\"elementor-widget-container\">\n\t\t\t\t\t<div class=\"elementor-image-carousel-wrapper swiper-container\" dir=\"ltr\">\n\t\t\t<div class=\"elementor-image-carousel swiper-wrapper\">\n\t\t\t\t\t\t\t\t<div class=\"swiper-slide\"><figure class=\"swiper-slide-inner\"><img class=\"swiper-slide-image\" src=\"https:\/\/cauchopren.com\/wp-content\/uploads\/2020\/11\/CAL1.png\" alt=\"CAL1\" \/><\/figure><\/div><div class=\"swiper-slide\"><figure class=\"swiper-slide-inner\"><img class=\"swiper-slide-image\" src=\"https:\/\/cauchopren.com\/wp-content\/uploads\/2020\/11\/54-scaled.jpg\" alt=\"54\" \/><\/figure><\/div><div class=\"swiper-slide\"><figure class=\"swiper-slide-inner\"><img class=\"swiper-slide-image\" src=\"https:\/\/cauchopren.com\/wp-content\/uploads\/2020\/11\/CAL3.png\" alt=\"CAL3\" \/><\/figure><\/div>\t\t\t<\/div>\n\t\t\t\t\t\t\t\t\t\t\t\t\t\t\t\t<div class=\"elementor-swiper-button elementor-swiper-button-prev\">\n\t\t\t\t\t\t<i aria-hidden=\"true\" class=\"eicon-chevron-left\"><\/i>\t\t\t\t\t\t<span class=\"elementor-screen-only\">Previous<\/span>\n\t\t\t\t\t<\/div>\n\t\t\t\t\t<div class=\"elementor-swiper-button elementor-swiper-button-next\">\n\t\t\t\t\t\t<i aria-hidden=\"true\" class=\"eicon-chevron-right\"><\/i>\t\t\t\t\t\t<span class=\"elementor-screen-only\">Next<\/span>\n\t\t\t\t\t<\/div>\n\t\t\t\t\t\t\t\t\t<\/div>\n\t\t\t\t<\/div>\n\t\t\t\t<\/div>\n\t\t\t\t\t\t<\/div>\n\t\t\t\t\t<\/div>\n\t\t<\/div>\n\t\t\t\t\t\t\t\t<\/div>\n\t\t\t\t\t<\/div>\n\t\t<\/section>\n\t\t\t\t\t\t\t\t\t<\/div>\n\t\t\t<\/div>\n\t\t\t\t\t<\/div>\n\t\t","protected":false},"excerpt":{"rendered":"<p>Qualit\u00e4t Die Qualit\u00e4t der Systeme und Prozesse ist an die anspruchsvollsten internationalen Standards angepasst und hat folgende Zertifizierungen: ISO9001 IATF16949 ISO14001 Zus\u00e4tzlich zu den oben genannten Zertifizierungen verf\u00fcgt CAUCHOPREN \u00fcber die anspruchsvollsten Zulassungen der wichtigsten Konzerne aus der Automobilbranche, wie Volkswagen, Magna, Kongsberg, Lear, TI Automotive, etc. Anterior Siguiente<\/p>\n","protected":false},"author":1,"featured_media":0,"parent":0,"menu_order":0,"comment_status":"closed","ping_status":"closed","template":"elementor_header_footer","meta":[],"yoast_head":"<!-- This site is optimized with the Yoast SEO plugin v15.5 - https:\/\/yoast.com\/wordpress\/plugins\/seo\/ -->\n<title>Qualit\u00e4t - Cauchopren<\/title>\n<meta name=\"robots\" content=\"index, follow, max-snippet:-1, max-image-preview:large, max-video-preview:-1\" \/>\n<link rel=\"canonical\" href=\"https:\/\/cauchopren.com\/de\/qualitaet\/\" \/>\n<meta property=\"og:locale\" content=\"de_DE\" \/>\n<meta property=\"og:type\" content=\"article\" \/>\n<meta property=\"og:title\" content=\"Qualit\u00e4t - Cauchopren\" \/>\n<meta property=\"og:description\" content=\"Qualit\u00e4t Die Qualit\u00e4t der Systeme und Prozesse ist an die anspruchsvollsten internationalen Standards angepasst und hat folgende Zertifizierungen: ISO9001 IATF16949 ISO14001 Zus\u00e4tzlich zu den oben genannten Zertifizierungen verf\u00fcgt CAUCHOPREN \u00fcber die anspruchsvollsten Zulassungen der wichtigsten Konzerne aus der Automobilbranche, wie Volkswagen, Magna, Kongsberg, Lear, TI Automotive, etc. Anterior Siguiente\" \/>\n<meta property=\"og:url\" content=\"https:\/\/cauchopren.com\/de\/qualitaet\/\" \/>\n<meta property=\"og:site_name\" content=\"Cauchopren\" \/>\n<meta property=\"article:modified_time\" content=\"2025-01-10T10:11:44+00:00\" \/>\n<meta property=\"og:image\" content=\"https:\/\/cauchopren.com\/wp-content\/uploads\/2020\/11\/CAL1.png\" \/>\n<meta name=\"twitter:card\" content=\"summary_large_image\" \/>\n<meta name=\"twitter:label1\" content=\"Est. reading time\">\n\t<meta name=\"twitter:data1\" content=\"0 minutes\">\n<script type=\"application\/ld+json\" class=\"yoast-schema-graph\">{\"@context\":\"https:\/\/schema.org\",\"@graph\":[{\"@type\":\"WebSite\",\"@id\":\"https:\/\/cauchopren.com\/de\/#website\",\"url\":\"https:\/\/cauchopren.com\/de\/\",\"name\":\"Cauchopren\",\"description\":\"Fabricaci\\u00f3n de piezas t\\u00e9cnicas de caucho\",\"potentialAction\":[{\"@type\":\"SearchAction\",\"target\":\"https:\/\/cauchopren.com\/de\/?s={search_term_string}\",\"query-input\":\"required name=search_term_string\"}],\"inLanguage\":\"de-DE\"},{\"@type\":\"ImageObject\",\"@id\":\"https:\/\/cauchopren.com\/de\/qualitaet\/#primaryimage\",\"inLanguage\":\"de-DE\",\"url\":\"https:\/\/cauchopren.com\/wp-content\/uploads\/2020\/11\/CAL1.png\",\"width\":1039,\"height\":727},{\"@type\":\"WebPage\",\"@id\":\"https:\/\/cauchopren.com\/de\/qualitaet\/#webpage\",\"url\":\"https:\/\/cauchopren.com\/de\/qualitaet\/\",\"name\":\"Qualit\\u00e4t - Cauchopren\",\"isPartOf\":{\"@id\":\"https:\/\/cauchopren.com\/de\/#website\"},\"primaryImageOfPage\":{\"@id\":\"https:\/\/cauchopren.com\/de\/qualitaet\/#primaryimage\"},\"datePublished\":\"2022-05-22T08:22:25+00:00\",\"dateModified\":\"2025-01-10T10:11:44+00:00\",\"inLanguage\":\"de-DE\",\"potentialAction\":[{\"@type\":\"ReadAction\",\"target\":[\"https:\/\/cauchopren.com\/de\/qualitaet\/\"]}]}]}<\/script>\n<!-- \/ Yoast SEO plugin. -->","_links":{"self":[{"href":"https:\/\/cauchopren.com\/de\/wp-json\/wp\/v2\/pages\/1477"}],"collection":[{"href":"https:\/\/cauchopren.com\/de\/wp-json\/wp\/v2\/pages"}],"about":[{"href":"https:\/\/cauchopren.com\/de\/wp-json\/wp\/v2\/types\/page"}],"author":[{"embeddable":true,"href":"https:\/\/cauchopren.com\/de\/wp-json\/wp\/v2\/users\/1"}],"replies":[{"embeddable":true,"href":"https:\/\/cauchopren.com\/de\/wp-json\/wp\/v2\/comments?post=1477"}],"version-history":[{"count":7,"href":"https:\/\/cauchopren.com\/de\/wp-json\/wp\/v2\/pages\/1477\/revisions"}],"predecessor-version":[{"id":1669,"href":"https:\/\/cauchopren.com\/de\/wp-json\/wp\/v2\/pages\/1477\/revisions\/1669"}],"wp:attachment":[{"href":"https:\/\/cauchopren.com\/de\/wp-json\/wp\/v2\/media?parent=1477"}],"curies":[{"name":"wp","href":"https:\/\/api.w.org\/{rel}","templated":true}]}}