{"id":1482,"date":"2022-05-22T08:27:07","date_gmt":"2022-05-22T08:27:07","guid":{"rendered":"https:\/\/cauchopren.com\/?page_id=1482"},"modified":"2022-05-22T08:30:44","modified_gmt":"2022-05-22T08:30:44","slug":"produkte","status":"publish","type":"page","link":"https:\/\/cauchopren.com\/de\/produkte\/","title":{"rendered":"Produkte"},"content":{"rendered":"\t\t<div data-elementor-type=\"wp-page\" data-elementor-id=\"1482\" class=\"elementor elementor-1482 elementor-42\">\n\t\t\t\t\t\t<div class=\"elementor-inner\">\n\t\t\t\t<div class=\"elementor-section-wrap\">\n\t\t\t\t\t\t\t\t\t<section class=\"elementor-section elementor-top-section elementor-element elementor-element-e3e857b elementor-section-stretched elementor-section-boxed elementor-section-height-default elementor-section-height-default\" data-id=\"e3e857b\" data-element_type=\"section\" data-settings=\"{&quot;stretch_section&quot;:&quot;section-stretched&quot;,&quot;background_background&quot;:&quot;classic&quot;}\">\n\t\t\t\t\t\t<div class=\"elementor-container elementor-column-gap-default\">\n\t\t\t\t\t\t\t<div class=\"elementor-row\">\n\t\t\t\t\t<div class=\"elementor-column elementor-col-100 elementor-top-column elementor-element elementor-element-0cb408c\" data-id=\"0cb408c\" data-element_type=\"column\">\n\t\t\t<div class=\"elementor-column-wrap elementor-element-populated\">\n\t\t\t\t\t\t\t<div class=\"elementor-widget-wrap\">\n\t\t\t\t\t\t<div class=\"elementor-element elementor-element-b49db6c elementor-widget elementor-widget-heading\" data-id=\"b49db6c\" data-element_type=\"widget\" data-widget_type=\"heading.default\">\n\t\t\t\t<div class=\"elementor-widget-container\">\n\t\t\t<h2 class=\"elementor-heading-title elementor-size-default\">PRODUKTE UND DIENSTLEISTUNGEN\n<\/h2>\t\t<\/div>\n\t\t\t\t<\/div>\n\t\t\t\t\t\t<\/div>\n\t\t\t\t\t<\/div>\n\t\t<\/div>\n\t\t\t\t\t\t\t\t<\/div>\n\t\t\t\t\t<\/div>\n\t\t<\/section>\n\t\t\t\t<section class=\"elementor-section elementor-top-section elementor-element elementor-element-f825797 elementor-section-boxed elementor-section-height-default elementor-section-height-default\" data-id=\"f825797\" data-element_type=\"section\">\n\t\t\t\t\t\t<div class=\"elementor-container elementor-column-gap-default\">\n\t\t\t\t\t\t\t<div class=\"elementor-row\">\n\t\t\t\t\t<div class=\"elementor-column elementor-col-33 elementor-top-column elementor-element elementor-element-7edefc5\" data-id=\"7edefc5\" data-element_type=\"column\">\n\t\t\t<div class=\"elementor-column-wrap elementor-element-populated\">\n\t\t\t\t\t\t\t<div class=\"elementor-widget-wrap\">\n\t\t\t\t\t\t<div class=\"elementor-element elementor-element-bfd511f elementor-widget elementor-widget-heading\" data-id=\"bfd511f\" data-element_type=\"widget\" data-widget_type=\"heading.default\">\n\t\t\t\t<div class=\"elementor-widget-container\">\n\t\t\t<h1 class=\"elementor-heading-title elementor-size-default\">Produkte<\/h1>\t\t<\/div>\n\t\t\t\t<\/div>\n\t\t\t\t<div class=\"elementor-element elementor-element-3463230 elementor-widget elementor-widget-text-editor\" data-id=\"3463230\" data-element_type=\"widget\" data-widget_type=\"text-editor.default\">\n\t\t\t\t<div class=\"elementor-widget-container\">\n\t\t\t\t\t\t\t\t<div class=\"elementor-text-editor elementor-clearfix\">\n\t\t\t\t<p><span style=\"font-weight: 400;\">Wir bei CAUCHOPREN sind Experten f\u00fcr die Entwicklung von Materialien und Werkzeugen, sowie f\u00fcr die wettbewerbsf\u00e4hige Produktion aller Arten von Gummi mit und ohne Kunststoff- und\/oder Metalleinlagen.<\/span><\/p><p><span style=\"font-weight: 400;\">Unser Katalog umfasst unter anderem folgende Produkte:<\/span><\/p><ul><li aria-level=\"1\">Herstellung von technischen Formteilen aus allen Arten von Gummi, einschlie\u00dflich fester und fl\u00fcssiger Silikone (LSR).<\/li><li aria-level=\"1\">Formteile aus Kunststoff, Elastomeren und Mischmaterialien<\/li><li aria-level=\"1\">Extrudierte Gummiteile.<\/li><li aria-level=\"1\">Stanzteile aus Polyethylen, Polypropylen, Gummi, etc. mit und ohne Klebstoff.<\/li><\/ul>\t\t\t\t\t<\/div>\n\t\t\t\t\t\t<\/div>\n\t\t\t\t<\/div>\n\t\t\t\t\t\t<\/div>\n\t\t\t\t\t<\/div>\n\t\t<\/div>\n\t\t\t\t<div class=\"elementor-column elementor-col-66 elementor-top-column elementor-element elementor-element-c528df1\" data-id=\"c528df1\" data-element_type=\"column\">\n\t\t\t<div class=\"elementor-column-wrap elementor-element-populated\">\n\t\t\t\t\t\t\t<div class=\"elementor-widget-wrap\">\n\t\t\t\t\t\t<div class=\"elementor-element elementor-element-ee07467 elementor-arrows-position-inside elementor-widget elementor-widget-image-carousel\" data-id=\"ee07467\" data-element_type=\"widget\" data-settings=\"{&quot;slides_to_show&quot;:&quot;1&quot;,&quot;navigation&quot;:&quot;arrows&quot;,&quot;autoplay&quot;:&quot;yes&quot;,&quot;pause_on_hover&quot;:&quot;yes&quot;,&quot;pause_on_interaction&quot;:&quot;yes&quot;,&quot;autoplay_speed&quot;:5000,&quot;infinite&quot;:&quot;yes&quot;,&quot;effect&quot;:&quot;slide&quot;,&quot;speed&quot;:500}\" data-widget_type=\"image-carousel.default\">\n\t\t\t\t<div class=\"elementor-widget-container\">\n\t\t\t\t\t<div class=\"elementor-image-carousel-wrapper swiper-container\" dir=\"ltr\">\n\t\t\t<div class=\"elementor-image-carousel swiper-wrapper\">\n\t\t\t\t\t\t\t\t<div class=\"swiper-slide\"><figure class=\"swiper-slide-inner\"><img class=\"swiper-slide-image\" src=\"https:\/\/cauchopren.com\/wp-content\/uploads\/2020\/11\/bicompoenete.jpg\" alt=\"CauchoMetal\" \/><\/figure><\/div><div class=\"swiper-slide\"><figure class=\"swiper-slide-inner\"><img class=\"swiper-slide-image\" src=\"https:\/\/cauchopren.com\/wp-content\/uploads\/2020\/11\/CauchoMetal.jpg\" alt=\"CauchoMetal\" \/><\/figure><\/div><div class=\"swiper-slide\"><figure class=\"swiper-slide-inner\"><img class=\"swiper-slide-image\" src=\"https:\/\/cauchopren.com\/wp-content\/uploads\/2020\/11\/Micropiezas.jpg\" alt=\"CauchoMetal\" \/><\/figure><\/div><div class=\"swiper-slide\"><figure class=\"swiper-slide-inner\"><img class=\"swiper-slide-image\" src=\"https:\/\/cauchopren.com\/wp-content\/uploads\/2020\/11\/fuelles.jpg\" alt=\"CauchoMetal\" \/><\/figure><\/div><div class=\"swiper-slide\"><figure class=\"swiper-slide-inner\"><img class=\"swiper-slide-image\" src=\"https:\/\/cauchopren.com\/wp-content\/uploads\/2020\/11\/Piezassilicona.jpg\" alt=\"CauchoMetal\" \/><\/figure><\/div><div class=\"swiper-slide\"><figure class=\"swiper-slide-inner\"><img class=\"swiper-slide-image\" src=\"https:\/\/cauchopren.com\/wp-content\/uploads\/2020\/11\/Orings.jpg\" alt=\"CauchoMetal\" \/><\/figure><\/div><div class=\"swiper-slide\"><figure class=\"swiper-slide-inner\"><img class=\"swiper-slide-image\" src=\"https:\/\/cauchopren.com\/wp-content\/uploads\/2020\/11\/Juntaslabio.jpg\" alt=\"CauchoMetal\" \/><\/figure><\/div><div class=\"swiper-slide\"><figure class=\"swiper-slide-inner\"><img class=\"swiper-slide-image\" src=\"https:\/\/cauchopren.com\/wp-content\/uploads\/2020\/11\/Piezasplastico.jpg\" alt=\"CauchoMetal\" \/><\/figure><\/div><div class=\"swiper-slide\"><figure class=\"swiper-slide-inner\"><img class=\"swiper-slide-image\" src=\"https:\/\/cauchopren.com\/wp-content\/uploads\/2020\/11\/siliconaSolidayliquida.jpg\" alt=\"CauchoMetal\" \/><\/figure><\/div><div class=\"swiper-slide\"><figure class=\"swiper-slide-inner\"><img class=\"swiper-slide-image\" src=\"https:\/\/cauchopren.com\/wp-content\/uploads\/2020\/11\/Otraspiezas.jpg\" alt=\"CauchoMetal\" \/><\/figure><\/div>\t\t\t<\/div>\n\t\t\t\t\t\t\t\t\t\t\t\t\t\t\t\t<div class=\"elementor-swiper-button elementor-swiper-button-prev\">\n\t\t\t\t\t\t<i aria-hidden=\"true\" class=\"eicon-chevron-left\"><\/i>\t\t\t\t\t\t<span class=\"elementor-screen-only\">Previous<\/span>\n\t\t\t\t\t<\/div>\n\t\t\t\t\t<div class=\"elementor-swiper-button elementor-swiper-button-next\">\n\t\t\t\t\t\t<i aria-hidden=\"true\" class=\"eicon-chevron-right\"><\/i>\t\t\t\t\t\t<span class=\"elementor-screen-only\">Next<\/span>\n\t\t\t\t\t<\/div>\n\t\t\t\t\t\t\t\t\t<\/div>\n\t\t\t\t<\/div>\n\t\t\t\t<\/div>\n\t\t\t\t\t\t<\/div>\n\t\t\t\t\t<\/div>\n\t\t<\/div>\n\t\t\t\t\t\t\t\t<\/div>\n\t\t\t\t\t<\/div>\n\t\t<\/section>\n\t\t\t\t<section class=\"elementor-section elementor-top-section elementor-element elementor-element-aef40f3 elementor-section-boxed elementor-section-height-default elementor-section-height-default\" data-id=\"aef40f3\" data-element_type=\"section\">\n\t\t\t\t\t\t<div class=\"elementor-container elementor-column-gap-default\">\n\t\t\t\t\t\t\t<div class=\"elementor-row\">\n\t\t\t\t\t<div class=\"elementor-column elementor-col-66 elementor-top-column elementor-element elementor-element-6053829\" data-id=\"6053829\" data-element_type=\"column\">\n\t\t\t<div class=\"elementor-column-wrap elementor-element-populated\">\n\t\t\t\t\t\t\t<div class=\"elementor-widget-wrap\">\n\t\t\t\t\t\t<div class=\"elementor-element elementor-element-a3dd289 elementor-widget elementor-widget-image\" data-id=\"a3dd289\" data-element_type=\"widget\" data-widget_type=\"image.default\">\n\t\t\t\t<div class=\"elementor-widget-container\">\n\t\t\t\t\t\t\t\t<div class=\"elementor-image\">\n\t\t\t\t\t\t\t\t\t\t\t\t<img width=\"791\" height=\"839\" src=\"https:\/\/cauchopren.com\/wp-content\/uploads\/2020\/11\/Serv-2-1.jpg\" class=\"attachment-large size-large\" alt=\"\" loading=\"lazy\" srcset=\"https:\/\/cauchopren.com\/wp-content\/uploads\/2020\/11\/Serv-2-1.jpg 791w, https:\/\/cauchopren.com\/wp-content\/uploads\/2020\/11\/Serv-2-1-283x300.jpg 283w, https:\/\/cauchopren.com\/wp-content\/uploads\/2020\/11\/Serv-2-1-768x815.jpg 768w\" sizes=\"(max-width: 791px) 100vw, 791px\" \/>\t\t\t\t\t\t\t\t\t\t\t\t\t\t<\/div>\n\t\t\t\t\t\t<\/div>\n\t\t\t\t<\/div>\n\t\t\t\t\t\t<\/div>\n\t\t\t\t\t<\/div>\n\t\t<\/div>\n\t\t\t\t<div class=\"elementor-column elementor-col-33 elementor-top-column elementor-element elementor-element-a3d3a10\" data-id=\"a3d3a10\" data-element_type=\"column\">\n\t\t\t<div class=\"elementor-column-wrap elementor-element-populated\">\n\t\t\t\t\t\t\t<div class=\"elementor-widget-wrap\">\n\t\t\t\t\t\t<div class=\"elementor-element elementor-element-c1ee098 elementor-widget elementor-widget-heading\" data-id=\"c1ee098\" data-element_type=\"widget\" data-widget_type=\"heading.default\">\n\t\t\t\t<div class=\"elementor-widget-container\">\n\t\t\t<h1 class=\"elementor-heading-title elementor-size-default\">Dienstleistungen<\/h1>\t\t<\/div>\n\t\t\t\t<\/div>\n\t\t\t\t<div class=\"elementor-element elementor-element-8a0abc2 elementor-widget elementor-widget-text-editor\" data-id=\"8a0abc2\" data-element_type=\"widget\" data-widget_type=\"text-editor.default\">\n\t\t\t\t<div class=\"elementor-widget-container\">\n\t\t\t\t\t\t\t\t<div class=\"elementor-text-editor elementor-clearfix\">\n\t\t\t\t<p><strong>CAUCHOPREN<\/strong><span style=\"font-weight: 400;\"> bietet Ihnen einen zuverl\u00e4ssigen Service bei der Lieferung von technischen Gummiformteilen. Von gro\u00dfer Bedeutung f\u00fcr den Kunden ist auch die\u00a0 Mitarbeit des Unternehmens bei der Konstruktion der Teile. CAUCHOPREN ist an Abmessungen und am Entwurf von Konstruktionsmaterialien beteiligt.<\/span><\/p>\t\t\t\t\t<\/div>\n\t\t\t\t\t\t<\/div>\n\t\t\t\t<\/div>\n\t\t\t\t<div class=\"elementor-element elementor-element-f51d312 elementor-icon-list--layout-traditional elementor-list-item-link-full_width elementor-widget elementor-widget-icon-list\" data-id=\"f51d312\" data-element_type=\"widget\" data-widget_type=\"icon-list.default\">\n\t\t\t\t<div class=\"elementor-widget-container\">\n\t\t\t\t\t<ul class=\"elementor-icon-list-items\">\n\t\t\t\t\t\t\t<li class=\"elementor-icon-list-item\">\n\t\t\t\t\t\t\t\t\t\t\t<span class=\"elementor-icon-list-icon\">\n\t\t\t\t\t\t\t<i aria-hidden=\"true\" class=\"far fa-folder-open\"><\/i>\t\t\t\t\t\t<\/span>\n\t\t\t\t\t\t\t\t\t\t<span class=\"elementor-icon-list-text\">Technische Untersuchungen<\/span>\n\t\t\t\t\t\t\t\t\t<\/li>\n\t\t\t\t\t\t<\/ul>\n\t\t\t\t<\/div>\n\t\t\t\t<\/div>\n\t\t\t\t<div class=\"elementor-element elementor-element-cdaf5ee elementor-widget elementor-widget-text-editor\" data-id=\"cdaf5ee\" data-element_type=\"widget\" data-widget_type=\"text-editor.default\">\n\t\t\t\t<div class=\"elementor-widget-container\">\n\t\t\t\t\t\t\t\t<div class=\"elementor-text-editor elementor-clearfix\">\n\t\t\t\t<p><span style=\"font-weight: 400;\">Wir untersuchen die Anforderungen jedes einzelnen Kunden und analysieren alle Aspekte, die zur Optimierung des zu produzierenden Teils beitragen, so wie Prozess, Maschinentyp, Formdesign, zu verwendendes Material, etc.<\/span><\/p>\t\t\t\t\t<\/div>\n\t\t\t\t\t\t<\/div>\n\t\t\t\t<\/div>\n\t\t\t\t<div class=\"elementor-element elementor-element-1f54d94 elementor-icon-list--layout-traditional elementor-list-item-link-full_width elementor-widget elementor-widget-icon-list\" data-id=\"1f54d94\" data-element_type=\"widget\" data-widget_type=\"icon-list.default\">\n\t\t\t\t<div class=\"elementor-widget-container\">\n\t\t\t\t\t<ul class=\"elementor-icon-list-items\">\n\t\t\t\t\t\t\t<li class=\"elementor-icon-list-item\">\n\t\t\t\t\t\t\t\t\t\t\t<span class=\"elementor-icon-list-icon\">\n\t\t\t\t\t\t\t<i aria-hidden=\"true\" class=\"fas fa-check\"><\/i>\t\t\t\t\t\t<\/span>\n\t\t\t\t\t\t\t\t\t\t<span class=\"elementor-icon-list-text\">Kundenberatung<\/span>\n\t\t\t\t\t\t\t\t\t<\/li>\n\t\t\t\t\t\t<\/ul>\n\t\t\t\t<\/div>\n\t\t\t\t<\/div>\n\t\t\t\t<div class=\"elementor-element elementor-element-524c71f elementor-widget elementor-widget-text-editor\" data-id=\"524c71f\" data-element_type=\"widget\" data-widget_type=\"text-editor.default\">\n\t\t\t\t<div class=\"elementor-widget-container\">\n\t\t\t\t\t\t\t\t<div class=\"elementor-text-editor elementor-clearfix\">\n\t\t\t\t<p><span style=\"font-weight: 400;\">Wir beraten unsere Kunden zu der Entwicklung von Teilen, um deren Leistung und Umsetzbarkeit zu optimieren.<\/span><\/p><p><span style=\"font-weight: 400;\">Au\u00dferdem entwickeln wir spezielle Gummirezepturen, um die besonderen Anforderungen unserer Kunden zu erf\u00fcllen.<\/span><\/p><p><span style=\"font-weight: 400;\">Unsere Mischungen umfassen u.a. die folgenden Elastomertypen:<\/span><span style=\"font-weight: 400;\"><br \/><\/span><b>EPDM, CR, NBR, HNBR, CSM, CM, ECO, ACM, EAM, PU, NR, SBR, IIR, VMQ, LSR.<\/b><\/p>\t\t\t\t\t<\/div>\n\t\t\t\t\t\t<\/div>\n\t\t\t\t<\/div>\n\t\t\t\t\t\t<\/div>\n\t\t\t\t\t<\/div>\n\t\t<\/div>\n\t\t\t\t\t\t\t\t<\/div>\n\t\t\t\t\t<\/div>\n\t\t<\/section>\n\t\t\t\t\t\t\t\t\t<\/div>\n\t\t\t<\/div>\n\t\t\t\t\t<\/div>\n\t\t","protected":false},"excerpt":{"rendered":"<p>PRODUKTE UND DIENSTLEISTUNGEN Produkte Wir bei CAUCHOPREN sind Experten f\u00fcr die Entwicklung von Materialien und Werkzeugen, sowie f\u00fcr die wettbewerbsf\u00e4hige Produktion aller Arten von Gummi mit und ohne Kunststoff- und\/oder Metalleinlagen. Unser Katalog umfasst unter anderem folgende Produkte: Herstellung von technischen Formteilen aus allen Arten von Gummi, einschlie\u00dflich fester und fl\u00fcssiger Silikone (LSR). Formteile aus [&hellip;]<\/p>\n","protected":false},"author":1,"featured_media":0,"parent":0,"menu_order":0,"comment_status":"closed","ping_status":"closed","template":"elementor_header_footer","meta":[],"yoast_head":"<!-- This site is optimized with the Yoast SEO plugin v15.5 - https:\/\/yoast.com\/wordpress\/plugins\/seo\/ -->\n<title>Produkte - Cauchopren<\/title>\n<meta name=\"robots\" content=\"index, follow, max-snippet:-1, max-image-preview:large, max-video-preview:-1\" \/>\n<link rel=\"canonical\" href=\"https:\/\/cauchopren.com\/de\/produkte\/\" \/>\n<meta property=\"og:locale\" content=\"de_DE\" \/>\n<meta property=\"og:type\" content=\"article\" \/>\n<meta property=\"og:title\" content=\"Produkte - Cauchopren\" \/>\n<meta property=\"og:description\" content=\"PRODUKTE UND DIENSTLEISTUNGEN Produkte Wir bei CAUCHOPREN sind Experten f\u00fcr die Entwicklung von Materialien und Werkzeugen, sowie f\u00fcr die wettbewerbsf\u00e4hige Produktion aller Arten von Gummi mit und ohne Kunststoff- und\/oder Metalleinlagen. Unser Katalog umfasst unter anderem folgende Produkte: Herstellung von technischen Formteilen aus allen Arten von Gummi, einschlie\u00dflich fester und fl\u00fcssiger Silikone (LSR). Formteile aus [&hellip;]\" \/>\n<meta property=\"og:url\" content=\"https:\/\/cauchopren.com\/de\/produkte\/\" \/>\n<meta property=\"og:site_name\" content=\"Cauchopren\" \/>\n<meta property=\"article:modified_time\" content=\"2022-05-22T08:30:44+00:00\" \/>\n<meta property=\"og:image\" content=\"https:\/\/cauchopren.com\/wp-content\/uploads\/2020\/11\/bicompoenete.jpg\" \/>\n<meta name=\"twitter:card\" content=\"summary_large_image\" \/>\n<meta name=\"twitter:label1\" content=\"Est. reading time\">\n\t<meta name=\"twitter:data1\" content=\"1 minute\">\n<script type=\"application\/ld+json\" class=\"yoast-schema-graph\">{\"@context\":\"https:\/\/schema.org\",\"@graph\":[{\"@type\":\"WebSite\",\"@id\":\"https:\/\/cauchopren.com\/de\/#website\",\"url\":\"https:\/\/cauchopren.com\/de\/\",\"name\":\"Cauchopren\",\"description\":\"Fabricaci\\u00f3n de piezas t\\u00e9cnicas de caucho\",\"potentialAction\":[{\"@type\":\"SearchAction\",\"target\":\"https:\/\/cauchopren.com\/de\/?s={search_term_string}\",\"query-input\":\"required name=search_term_string\"}],\"inLanguage\":\"de-DE\"},{\"@type\":\"ImageObject\",\"@id\":\"https:\/\/cauchopren.com\/de\/produkte\/#primaryimage\",\"inLanguage\":\"de-DE\",\"url\":\"https:\/\/cauchopren.com\/wp-content\/uploads\/2020\/11\/bicompoenete.jpg\",\"width\":790,\"height\":530},{\"@type\":\"WebPage\",\"@id\":\"https:\/\/cauchopren.com\/de\/produkte\/#webpage\",\"url\":\"https:\/\/cauchopren.com\/de\/produkte\/\",\"name\":\"Produkte - Cauchopren\",\"isPartOf\":{\"@id\":\"https:\/\/cauchopren.com\/de\/#website\"},\"primaryImageOfPage\":{\"@id\":\"https:\/\/cauchopren.com\/de\/produkte\/#primaryimage\"},\"datePublished\":\"2022-05-22T08:27:07+00:00\",\"dateModified\":\"2022-05-22T08:30:44+00:00\",\"inLanguage\":\"de-DE\",\"potentialAction\":[{\"@type\":\"ReadAction\",\"target\":[\"https:\/\/cauchopren.com\/de\/produkte\/\"]}]}]}<\/script>\n<!-- \/ Yoast SEO plugin. -->","_links":{"self":[{"href":"https:\/\/cauchopren.com\/de\/wp-json\/wp\/v2\/pages\/1482"}],"collection":[{"href":"https:\/\/cauchopren.com\/de\/wp-json\/wp\/v2\/pages"}],"about":[{"href":"https:\/\/cauchopren.com\/de\/wp-json\/wp\/v2\/types\/page"}],"author":[{"embeddable":true,"href":"https:\/\/cauchopren.com\/de\/wp-json\/wp\/v2\/users\/1"}],"replies":[{"embeddable":true,"href":"https:\/\/cauchopren.com\/de\/wp-json\/wp\/v2\/comments?post=1482"}],"version-history":[{"count":4,"href":"https:\/\/cauchopren.com\/de\/wp-json\/wp\/v2\/pages\/1482\/revisions"}],"predecessor-version":[{"id":1486,"href":"https:\/\/cauchopren.com\/de\/wp-json\/wp\/v2\/pages\/1482\/revisions\/1486"}],"wp:attachment":[{"href":"https:\/\/cauchopren.com\/de\/wp-json\/wp\/v2\/media?parent=1482"}],"curies":[{"name":"wp","href":"https:\/\/api.w.org\/{rel}","templated":true}]}}