{"id":1239,"date":"2022-05-21T10:04:31","date_gmt":"2022-05-21T10:04:31","guid":{"rendered":"https:\/\/cauchopren.com\/?page_id=1239"},"modified":"2022-05-21T10:08:48","modified_gmt":"2022-05-21T10:08:48","slug":"installations","status":"publish","type":"page","link":"https:\/\/cauchopren.com\/fr\/installations\/","title":{"rendered":"Installations"},"content":{"rendered":"\t\t<div data-elementor-type=\"wp-page\" data-elementor-id=\"1239\" class=\"elementor elementor-1239 elementor-36\">\n\t\t\t\t\t\t<div class=\"elementor-inner\">\n\t\t\t\t<div class=\"elementor-section-wrap\">\n\t\t\t\t\t\t\t\t\t<section class=\"elementor-section elementor-top-section elementor-element elementor-element-e3e857b elementor-section-stretched elementor-section-boxed elementor-section-height-default elementor-section-height-default\" data-id=\"e3e857b\" data-element_type=\"section\" data-settings=\"{&quot;stretch_section&quot;:&quot;section-stretched&quot;,&quot;background_background&quot;:&quot;classic&quot;}\">\n\t\t\t\t\t\t<div class=\"elementor-container elementor-column-gap-default\">\n\t\t\t\t\t\t\t<div class=\"elementor-row\">\n\t\t\t\t\t<div class=\"elementor-column elementor-col-100 elementor-top-column elementor-element elementor-element-0cb408c\" data-id=\"0cb408c\" data-element_type=\"column\">\n\t\t\t<div class=\"elementor-column-wrap elementor-element-populated\">\n\t\t\t\t\t\t\t<div class=\"elementor-widget-wrap\">\n\t\t\t\t\t\t<div class=\"elementor-element elementor-element-a025dec elementor-widget elementor-widget-heading\" data-id=\"a025dec\" data-element_type=\"widget\" data-widget_type=\"heading.default\">\n\t\t\t\t<div class=\"elementor-widget-container\">\n\t\t\t<h2 class=\"elementor-heading-title elementor-size-default\">INSTALLATIONS<\/h2>\t\t<\/div>\n\t\t\t\t<\/div>\n\t\t\t\t\t\t<\/div>\n\t\t\t\t\t<\/div>\n\t\t<\/div>\n\t\t\t\t\t\t\t\t<\/div>\n\t\t\t\t\t<\/div>\n\t\t<\/section>\n\t\t\t\t<section class=\"elementor-section elementor-top-section elementor-element elementor-element-255f979 elementor-section-boxed elementor-section-height-default elementor-section-height-default\" data-id=\"255f979\" data-element_type=\"section\">\n\t\t\t\t\t\t<div class=\"elementor-container elementor-column-gap-default\">\n\t\t\t\t\t\t\t<div class=\"elementor-row\">\n\t\t\t\t\t<div class=\"elementor-column elementor-col-100 elementor-top-column elementor-element elementor-element-7fee51f\" data-id=\"7fee51f\" data-element_type=\"column\">\n\t\t\t<div class=\"elementor-column-wrap elementor-element-populated\">\n\t\t\t\t\t\t\t<div class=\"elementor-widget-wrap\">\n\t\t\t\t\t\t<div class=\"elementor-element elementor-element-f3869cf elementor-widget elementor-widget-text-editor\" data-id=\"f3869cf\" data-element_type=\"widget\" data-widget_type=\"text-editor.default\">\n\t\t\t\t<div class=\"elementor-widget-container\">\n\t\t\t\t\t\t\t\t<div class=\"elementor-text-editor elementor-clearfix\">\n\t\t\t\t<p><span style=\"font-weight: 400;\">Les installations de <\/span><b>CAUCHOPREN<\/b><span style=\"font-weight: 400;\"> occupent une surface de 4.000 m2, et disposent des moyens de production suivants :<\/span><\/p>\t\t\t\t\t<\/div>\n\t\t\t\t\t\t<\/div>\n\t\t\t\t<\/div>\n\t\t\t\t\t\t<\/div>\n\t\t\t\t\t<\/div>\n\t\t<\/div>\n\t\t\t\t\t\t\t\t<\/div>\n\t\t\t\t\t<\/div>\n\t\t<\/section>\n\t\t\t\t<section class=\"elementor-section elementor-top-section elementor-element elementor-element-f825797 elementor-section-boxed elementor-section-height-default elementor-section-height-default\" data-id=\"f825797\" data-element_type=\"section\">\n\t\t\t\t\t\t<div class=\"elementor-container elementor-column-gap-default\">\n\t\t\t\t\t\t\t<div class=\"elementor-row\">\n\t\t\t\t\t<div class=\"elementor-column elementor-col-33 elementor-top-column elementor-element elementor-element-7edefc5\" data-id=\"7edefc5\" data-element_type=\"column\">\n\t\t\t<div class=\"elementor-column-wrap elementor-element-populated\">\n\t\t\t\t\t\t\t<div class=\"elementor-widget-wrap\">\n\t\t\t\t\t\t<div class=\"elementor-element elementor-element-a421c67 elementor-widget elementor-widget-image\" data-id=\"a421c67\" data-element_type=\"widget\" data-widget_type=\"image.default\">\n\t\t\t\t<div class=\"elementor-widget-container\">\n\t\t\t\t\t\t\t\t<div class=\"elementor-image\">\n\t\t\t\t\t\t\t\t\t\t\t\t<img width=\"490\" height=\"545\" src=\"https:\/\/cauchopren.com\/wp-content\/uploads\/2020\/11\/Imagen-1-490x545-1.png\" class=\"attachment-full size-full\" alt=\"\" loading=\"lazy\" srcset=\"https:\/\/cauchopren.com\/wp-content\/uploads\/2020\/11\/Imagen-1-490x545-1.png 490w, https:\/\/cauchopren.com\/wp-content\/uploads\/2020\/11\/Imagen-1-490x545-1-270x300.png 270w\" sizes=\"(max-width: 490px) 100vw, 490px\" \/>\t\t\t\t\t\t\t\t\t\t\t\t\t\t<\/div>\n\t\t\t\t\t\t<\/div>\n\t\t\t\t<\/div>\n\t\t\t\t<div class=\"elementor-element elementor-element-b1c8a9d elementor-widget elementor-widget-text-editor\" data-id=\"b1c8a9d\" data-element_type=\"widget\" data-widget_type=\"text-editor.default\">\n\t\t\t\t<div class=\"elementor-widget-container\">\n\t\t\t\t\t\t\t\t<div class=\"elementor-text-editor elementor-clearfix\">\n\t\t\t\t<p><strong><b>LABORATOIRE<br \/><\/b><\/strong><b style=\"font-size: 15px; color: var( --e-global-color-text );\">Conception et d\u00e9veloppement<\/b><span style=\"font-size: 15px; font-weight: 400; color: var( --e-global-color-text );\"> de formules \u00e9lastom\u00e8res en fonction des besoins du client. La soci\u00e9t\u00e9 poss\u00e8de les moyens n\u00e9cessaires pour r\u00e9aliser les essais exig\u00e9s par le march\u00e9, tels que :<\/span><\/p><ul><li style=\"font-weight: 400;\" aria-level=\"1\"><span style=\"font-weight: 400;\">R\u00e9sistance chimique.<\/span><\/li><li style=\"font-weight: 400;\" aria-level=\"1\"><span style=\"font-weight: 400;\">R\u00e9sistance \u00e0 l\u2019abrasion.<\/span><\/li><li style=\"font-weight: 400;\" aria-level=\"1\"><span style=\"font-weight: 400;\">R\u00e9sistance \u00e0 l\u2019ozone.<\/span><\/li><li style=\"font-weight: 400;\" aria-level=\"1\"><span style=\"font-weight: 400;\">R\u00e9sistance \u00e0 la temp\u00e9rature.<\/span><\/li><li style=\"font-weight: 400;\" aria-level=\"1\"><span style=\"font-weight: 400;\">R\u00e9silience.<\/span><\/li><li style=\"font-weight: 400;\" aria-level=\"1\"><span style=\"font-weight: 400;\">R\u00e9sistance \u00e0 la d\u00e9chirure.<\/span><\/li><li style=\"font-weight: 400;\" aria-level=\"1\"><span style=\"font-weight: 400;\">Autres.<\/span><\/li><\/ul><p><span style=\"font-weight: 400;\">Contr\u00f4le et v\u00e9rification de qualit\u00e9s.<\/span><\/p>\t\t\t\t\t<\/div>\n\t\t\t\t\t\t<\/div>\n\t\t\t\t<\/div>\n\t\t\t\t\t\t<\/div>\n\t\t\t\t\t<\/div>\n\t\t<\/div>\n\t\t\t\t<div class=\"elementor-column elementor-col-33 elementor-top-column elementor-element elementor-element-8bc9833\" data-id=\"8bc9833\" data-element_type=\"column\">\n\t\t\t<div class=\"elementor-column-wrap elementor-element-populated\">\n\t\t\t\t\t\t\t<div class=\"elementor-widget-wrap\">\n\t\t\t\t\t\t<div class=\"elementor-element elementor-element-6d3ddc4 elementor-widget elementor-widget-image\" data-id=\"6d3ddc4\" data-element_type=\"widget\" data-widget_type=\"image.default\">\n\t\t\t\t<div class=\"elementor-widget-container\">\n\t\t\t\t\t\t\t\t<div class=\"elementor-image\">\n\t\t\t\t\t\t\t\t\t\t\t\t<img width=\"922\" height=\"1024\" src=\"https:\/\/cauchopren.com\/wp-content\/uploads\/2020\/11\/RECORTE-1-1080x1200-1-922x1024.jpg\" class=\"attachment-large size-large\" alt=\"\" loading=\"lazy\" srcset=\"https:\/\/cauchopren.com\/wp-content\/uploads\/2020\/11\/RECORTE-1-1080x1200-1-922x1024.jpg 922w, https:\/\/cauchopren.com\/wp-content\/uploads\/2020\/11\/RECORTE-1-1080x1200-1-270x300.jpg 270w, https:\/\/cauchopren.com\/wp-content\/uploads\/2020\/11\/RECORTE-1-1080x1200-1-768x853.jpg 768w, https:\/\/cauchopren.com\/wp-content\/uploads\/2020\/11\/RECORTE-1-1080x1200-1.jpg 1080w\" sizes=\"(max-width: 922px) 100vw, 922px\" \/>\t\t\t\t\t\t\t\t\t\t\t\t\t\t<\/div>\n\t\t\t\t\t\t<\/div>\n\t\t\t\t<\/div>\n\t\t\t\t<div class=\"elementor-element elementor-element-3e48352 elementor-widget elementor-widget-text-editor\" data-id=\"3e48352\" data-element_type=\"widget\" data-widget_type=\"text-editor.default\">\n\t\t\t\t<div class=\"elementor-widget-container\">\n\t\t\t\t\t\t\t\t<div class=\"elementor-text-editor elementor-clearfix\">\n\t\t\t\t<p><b>CONCEPTION DE MOULES ET OUTILLAGE\u00a0<br \/><\/b><span style=\"font-weight: 400;\">Nous disposons de notre propre ing\u00e9nierie pour la conception et le design des moules et des outillages n\u00e9cessaires \u00e0 la fabrication des pi\u00e8ces techniques en caoutchouc.<\/span><\/p><p><span style=\"font-size: 15px; color: var( --e-global-color-text );\">.<\/span><\/p>\t\t\t\t\t<\/div>\n\t\t\t\t\t\t<\/div>\n\t\t\t\t<\/div>\n\t\t\t\t\t\t<\/div>\n\t\t\t\t\t<\/div>\n\t\t<\/div>\n\t\t\t\t<div class=\"elementor-column elementor-col-33 elementor-top-column elementor-element elementor-element-e134554\" data-id=\"e134554\" data-element_type=\"column\">\n\t\t\t<div class=\"elementor-column-wrap elementor-element-populated\">\n\t\t\t\t\t\t\t<div class=\"elementor-widget-wrap\">\n\t\t\t\t\t\t<div class=\"elementor-element elementor-element-c75e02d elementor-widget elementor-widget-image\" data-id=\"c75e02d\" data-element_type=\"widget\" data-widget_type=\"image.default\">\n\t\t\t\t<div class=\"elementor-widget-container\">\n\t\t\t\t\t\t\t\t<div class=\"elementor-image\">\n\t\t\t\t\t\t\t\t\t\t\t\t<img width=\"656\" height=\"729\" src=\"https:\/\/cauchopren.com\/wp-content\/uploads\/2020\/11\/IMG_5935-656x729-1.png\" class=\"attachment-large size-large\" alt=\"\" loading=\"lazy\" srcset=\"https:\/\/cauchopren.com\/wp-content\/uploads\/2020\/11\/IMG_5935-656x729-1.png 656w, https:\/\/cauchopren.com\/wp-content\/uploads\/2020\/11\/IMG_5935-656x729-1-270x300.png 270w\" sizes=\"(max-width: 656px) 100vw, 656px\" \/>\t\t\t\t\t\t\t\t\t\t\t\t\t\t<\/div>\n\t\t\t\t\t\t<\/div>\n\t\t\t\t<\/div>\n\t\t\t\t<div class=\"elementor-element elementor-element-b1d35ac elementor-widget elementor-widget-text-editor\" data-id=\"b1d35ac\" data-element_type=\"widget\" data-widget_type=\"text-editor.default\">\n\t\t\t\t<div class=\"elementor-widget-container\">\n\t\t\t\t\t\t\t\t<div class=\"elementor-text-editor elementor-clearfix\">\n\t\t\t\t<p><b>ZONE DE PRODUCTION\u00a0<br \/><\/b><span style=\"font-weight: 400;\">Nos proc\u00e9d\u00e9s de production, hautement automatis\u00e9s, disposent, entre autres, des moyens suivants :<\/span><\/p><ul><li><span style=\"font-weight: 400;\">Presses \u00e0 injecter horizontales et verticales<\/span><\/li><li><span style=\"font-weight: 400;\">\u00c9quipements d\u2019\u00e9bavurage cryog\u00e9nique.<\/span><\/li><li><span style=\"font-weight: 400;\">\u00c9tuves de post-vulcanisation.<\/span><\/li><\/ul>\t\t\t\t\t<\/div>\n\t\t\t\t\t\t<\/div>\n\t\t\t\t<\/div>\n\t\t\t\t\t\t<\/div>\n\t\t\t\t\t<\/div>\n\t\t<\/div>\n\t\t\t\t\t\t\t\t<\/div>\n\t\t\t\t\t<\/div>\n\t\t<\/section>\n\t\t\t\t<section class=\"elementor-section elementor-top-section elementor-element elementor-element-066d3fc elementor-section-boxed elementor-section-height-default elementor-section-height-default\" data-id=\"066d3fc\" data-element_type=\"section\">\n\t\t\t\t\t\t<div class=\"elementor-container elementor-column-gap-default\">\n\t\t\t\t\t\t\t<div class=\"elementor-row\">\n\t\t\t\t\t<div class=\"elementor-column elementor-col-33 elementor-top-column elementor-element elementor-element-6c1a902\" data-id=\"6c1a902\" data-element_type=\"column\">\n\t\t\t<div class=\"elementor-column-wrap elementor-element-populated\">\n\t\t\t\t\t\t\t<div class=\"elementor-widget-wrap\">\n\t\t\t\t\t\t<div class=\"elementor-element elementor-element-922690d elementor-widget elementor-widget-image\" data-id=\"922690d\" data-element_type=\"widget\" data-widget_type=\"image.default\">\n\t\t\t\t<div class=\"elementor-widget-container\">\n\t\t\t\t\t\t\t\t<div class=\"elementor-image\">\n\t\t\t\t\t\t\t\t\t\t\t\t<img width=\"750\" height=\"834\" src=\"https:\/\/cauchopren.com\/wp-content\/uploads\/2020\/11\/Maquina-750x834-1.png\" class=\"attachment-full size-full\" alt=\"\" loading=\"lazy\" srcset=\"https:\/\/cauchopren.com\/wp-content\/uploads\/2020\/11\/Maquina-750x834-1.png 750w, https:\/\/cauchopren.com\/wp-content\/uploads\/2020\/11\/Maquina-750x834-1-270x300.png 270w\" sizes=\"(max-width: 750px) 100vw, 750px\" \/>\t\t\t\t\t\t\t\t\t\t\t\t\t\t<\/div>\n\t\t\t\t\t\t<\/div>\n\t\t\t\t<\/div>\n\t\t\t\t<div class=\"elementor-element elementor-element-d18beec elementor-widget elementor-widget-text-editor\" data-id=\"d18beec\" data-element_type=\"widget\" data-widget_type=\"text-editor.default\">\n\t\t\t\t<div class=\"elementor-widget-container\">\n\t\t\t\t\t\t\t\t<div class=\"elementor-text-editor elementor-clearfix\">\n\t\t\t\t<p><strong>MOYENS DE D\u00c9VELOPPEMENT ET CONTR\u00d4LE<br \/><\/strong><span style=\"font-weight: 400;\">CAUCHOPREN dispose de moyens techniques et de contr\u00f4le de derni\u00e8re g\u00e9n\u00e9ration pour la production en s\u00e9rie.<\/span><\/p><ul><li><span style=\"font-weight: 400;\">\u00c9quipements de contr\u00f4le par vision artificielle.<\/span><\/li><li><span style=\"font-weight: 400;\">Logiciel de conception 3D<\/span><\/li><li><span style=\"font-weight: 400;\">Divers \u00e9l\u00e9ments de mesure.<\/span><\/li><\/ul>\t\t\t\t\t<\/div>\n\t\t\t\t\t\t<\/div>\n\t\t\t\t<\/div>\n\t\t\t\t\t\t<\/div>\n\t\t\t\t\t<\/div>\n\t\t<\/div>\n\t\t\t\t<div class=\"elementor-column elementor-col-33 elementor-top-column elementor-element elementor-element-66abf35\" data-id=\"66abf35\" data-element_type=\"column\">\n\t\t\t<div class=\"elementor-column-wrap elementor-element-populated\">\n\t\t\t\t\t\t\t<div class=\"elementor-widget-wrap\">\n\t\t\t\t\t\t<div class=\"elementor-element elementor-element-b4a4799 elementor-widget elementor-widget-image\" data-id=\"b4a4799\" data-element_type=\"widget\" data-widget_type=\"image.default\">\n\t\t\t\t<div class=\"elementor-widget-container\">\n\t\t\t\t\t\t\t\t<div class=\"elementor-image\">\n\t\t\t\t\t\t\t\t\t\t\t\t<img width=\"528\" height=\"587\" src=\"https:\/\/cauchopren.com\/wp-content\/uploads\/2020\/11\/MEZCLAS-528x587-1.png\" class=\"attachment-large size-large\" alt=\"\" loading=\"lazy\" srcset=\"https:\/\/cauchopren.com\/wp-content\/uploads\/2020\/11\/MEZCLAS-528x587-1.png 528w, https:\/\/cauchopren.com\/wp-content\/uploads\/2020\/11\/MEZCLAS-528x587-1-270x300.png 270w\" sizes=\"(max-width: 528px) 100vw, 528px\" \/>\t\t\t\t\t\t\t\t\t\t\t\t\t\t<\/div>\n\t\t\t\t\t\t<\/div>\n\t\t\t\t<\/div>\n\t\t\t\t<div class=\"elementor-element elementor-element-a242c18 elementor-widget elementor-widget-text-editor\" data-id=\"a242c18\" data-element_type=\"widget\" data-widget_type=\"text-editor.default\">\n\t\t\t\t<div class=\"elementor-widget-container\">\n\t\t\t\t\t\t\t\t<div class=\"elementor-text-editor elementor-clearfix\">\n\t\t\t\t<p><b>ZONE DE M\u00c9LANGES<br \/><\/b><span style=\"font-weight: 400;\">Notre zone de m\u00e9langes permet la fabrication en interne des formules \u00e9lastom\u00e8res \u00e0 utiliser dans la fabrication de nos produits. Cette zone est \u00e9quip\u00e9e, entre autres, des moyens suivants :<\/span><\/p><ul><li><span style=\"font-weight: 400;\"> M\u00e9langeur interne type Banbury.<\/span><\/li><li><span style=\"font-weight: 400;\"> Cylindres ouverts.<\/span><\/li><li><span style=\"font-weight: 400;\"> Bach Off avec syst\u00e8me de d\u00e9coupe num\u00e9rique.<\/span><\/li><li><span style=\"font-weight: 400;\"> Syst\u00e8me de pesage num\u00e9rique Poka Yoke.<\/span><\/li><\/ul>\t\t\t\t\t<\/div>\n\t\t\t\t\t\t<\/div>\n\t\t\t\t<\/div>\n\t\t\t\t\t\t<\/div>\n\t\t\t\t\t<\/div>\n\t\t<\/div>\n\t\t\t\t<div class=\"elementor-column elementor-col-33 elementor-top-column elementor-element elementor-element-3ede388\" data-id=\"3ede388\" data-element_type=\"column\">\n\t\t\t<div class=\"elementor-column-wrap\">\n\t\t\t\t\t\t\t<div class=\"elementor-widget-wrap\">\n\t\t\t\t\t\t\t\t<\/div>\n\t\t\t\t\t<\/div>\n\t\t<\/div>\n\t\t\t\t\t\t\t\t<\/div>\n\t\t\t\t\t<\/div>\n\t\t<\/section>\n\t\t\t\t\t\t\t\t\t<\/div>\n\t\t\t<\/div>\n\t\t\t\t\t<\/div>\n\t\t","protected":false},"excerpt":{"rendered":"<p>INSTALLATIONS Les installations de CAUCHOPREN occupent une surface de 4.000 m2, et disposent des moyens de production suivants : LABORATOIREConception et d\u00e9veloppement de formules \u00e9lastom\u00e8res en fonction des besoins du client. La soci\u00e9t\u00e9 poss\u00e8de les moyens n\u00e9cessaires pour r\u00e9aliser les essais exig\u00e9s par le march\u00e9, tels que : R\u00e9sistance chimique. R\u00e9sistance \u00e0 l\u2019abrasion. R\u00e9sistance \u00e0 [&hellip;]<\/p>\n","protected":false},"author":1,"featured_media":0,"parent":0,"menu_order":0,"comment_status":"closed","ping_status":"closed","template":"elementor_header_footer","meta":[],"yoast_head":"<!-- This site is optimized with the Yoast SEO plugin v15.5 - https:\/\/yoast.com\/wordpress\/plugins\/seo\/ -->\n<title>Installations - Cauchopren<\/title>\n<meta name=\"robots\" content=\"index, follow, max-snippet:-1, max-image-preview:large, max-video-preview:-1\" \/>\n<link rel=\"canonical\" href=\"https:\/\/cauchopren.com\/fr\/installations\/\" \/>\n<meta property=\"og:locale\" content=\"fr_FR\" \/>\n<meta property=\"og:type\" content=\"article\" \/>\n<meta property=\"og:title\" content=\"Installations - Cauchopren\" \/>\n<meta property=\"og:description\" content=\"INSTALLATIONS Les installations de CAUCHOPREN occupent une surface de 4.000 m2, et disposent des moyens de production suivants : LABORATOIREConception et d\u00e9veloppement de formules \u00e9lastom\u00e8res en fonction des besoins du client. La soci\u00e9t\u00e9 poss\u00e8de les moyens n\u00e9cessaires pour r\u00e9aliser les essais exig\u00e9s par le march\u00e9, tels que : R\u00e9sistance chimique. R\u00e9sistance \u00e0 l\u2019abrasion. R\u00e9sistance \u00e0 [&hellip;]\" \/>\n<meta property=\"og:url\" content=\"https:\/\/cauchopren.com\/fr\/installations\/\" \/>\n<meta property=\"og:site_name\" content=\"Cauchopren\" \/>\n<meta property=\"article:modified_time\" content=\"2022-05-21T10:08:48+00:00\" \/>\n<meta property=\"og:image\" content=\"https:\/\/cauchopren.com\/wp-content\/uploads\/2020\/11\/Imagen-1-490x545-1.png\" \/>\n<meta name=\"twitter:card\" content=\"summary_large_image\" \/>\n<meta name=\"twitter:label1\" content=\"Est. reading time\">\n\t<meta name=\"twitter:data1\" content=\"1 minute\">\n<script type=\"application\/ld+json\" class=\"yoast-schema-graph\">{\"@context\":\"https:\/\/schema.org\",\"@graph\":[{\"@type\":\"WebSite\",\"@id\":\"https:\/\/cauchopren.com\/fr\/#website\",\"url\":\"https:\/\/cauchopren.com\/fr\/\",\"name\":\"Cauchopren\",\"description\":\"Fabricaci\\u00f3n de piezas t\\u00e9cnicas de caucho\",\"potentialAction\":[{\"@type\":\"SearchAction\",\"target\":\"https:\/\/cauchopren.com\/fr\/?s={search_term_string}\",\"query-input\":\"required name=search_term_string\"}],\"inLanguage\":\"fr-FR\"},{\"@type\":\"ImageObject\",\"@id\":\"https:\/\/cauchopren.com\/fr\/installations\/#primaryimage\",\"inLanguage\":\"fr-FR\",\"url\":\"https:\/\/cauchopren.com\/wp-content\/uploads\/2020\/11\/Imagen-1-490x545-1.png\",\"width\":490,\"height\":545},{\"@type\":\"WebPage\",\"@id\":\"https:\/\/cauchopren.com\/fr\/installations\/#webpage\",\"url\":\"https:\/\/cauchopren.com\/fr\/installations\/\",\"name\":\"Installations - Cauchopren\",\"isPartOf\":{\"@id\":\"https:\/\/cauchopren.com\/fr\/#website\"},\"primaryImageOfPage\":{\"@id\":\"https:\/\/cauchopren.com\/fr\/installations\/#primaryimage\"},\"datePublished\":\"2022-05-21T10:04:31+00:00\",\"dateModified\":\"2022-05-21T10:08:48+00:00\",\"inLanguage\":\"fr-FR\",\"potentialAction\":[{\"@type\":\"ReadAction\",\"target\":[\"https:\/\/cauchopren.com\/fr\/installations\/\"]}]}]}<\/script>\n<!-- \/ Yoast SEO plugin. -->","_links":{"self":[{"href":"https:\/\/cauchopren.com\/fr\/wp-json\/wp\/v2\/pages\/1239"}],"collection":[{"href":"https:\/\/cauchopren.com\/fr\/wp-json\/wp\/v2\/pages"}],"about":[{"href":"https:\/\/cauchopren.com\/fr\/wp-json\/wp\/v2\/types\/page"}],"author":[{"embeddable":true,"href":"https:\/\/cauchopren.com\/fr\/wp-json\/wp\/v2\/users\/1"}],"replies":[{"embeddable":true,"href":"https:\/\/cauchopren.com\/fr\/wp-json\/wp\/v2\/comments?post=1239"}],"version-history":[{"count":4,"href":"https:\/\/cauchopren.com\/fr\/wp-json\/wp\/v2\/pages\/1239\/revisions"}],"predecessor-version":[{"id":1243,"href":"https:\/\/cauchopren.com\/fr\/wp-json\/wp\/v2\/pages\/1239\/revisions\/1243"}],"wp:attachment":[{"href":"https:\/\/cauchopren.com\/fr\/wp-json\/wp\/v2\/media?parent=1239"}],"curies":[{"name":"wp","href":"https:\/\/api.w.org\/{rel}","templated":true}]}}