{"id":1254,"date":"2022-05-21T10:25:32","date_gmt":"2022-05-21T10:25:32","guid":{"rendered":"https:\/\/cauchopren.com\/?page_id=1254"},"modified":"2022-05-21T10:28:05","modified_gmt":"2022-05-21T10:28:05","slug":"produits","status":"publish","type":"page","link":"https:\/\/cauchopren.com\/fr\/produits\/","title":{"rendered":"Produits"},"content":{"rendered":"\t\t<div data-elementor-type=\"wp-page\" data-elementor-id=\"1254\" class=\"elementor elementor-1254 elementor-42\">\n\t\t\t\t\t\t<div class=\"elementor-inner\">\n\t\t\t\t<div class=\"elementor-section-wrap\">\n\t\t\t\t\t\t\t\t\t<section class=\"elementor-section elementor-top-section elementor-element elementor-element-e3e857b elementor-section-stretched elementor-section-boxed elementor-section-height-default elementor-section-height-default\" data-id=\"e3e857b\" data-element_type=\"section\" data-settings=\"{&quot;stretch_section&quot;:&quot;section-stretched&quot;,&quot;background_background&quot;:&quot;classic&quot;}\">\n\t\t\t\t\t\t<div class=\"elementor-container elementor-column-gap-default\">\n\t\t\t\t\t\t\t<div class=\"elementor-row\">\n\t\t\t\t\t<div class=\"elementor-column elementor-col-100 elementor-top-column elementor-element elementor-element-0cb408c\" data-id=\"0cb408c\" data-element_type=\"column\">\n\t\t\t<div class=\"elementor-column-wrap elementor-element-populated\">\n\t\t\t\t\t\t\t<div class=\"elementor-widget-wrap\">\n\t\t\t\t\t\t<div class=\"elementor-element elementor-element-b49db6c elementor-widget elementor-widget-heading\" data-id=\"b49db6c\" data-element_type=\"widget\" data-widget_type=\"heading.default\">\n\t\t\t\t<div class=\"elementor-widget-container\">\n\t\t\t<h2 class=\"elementor-heading-title elementor-size-default\">Produits et Services<\/h2>\t\t<\/div>\n\t\t\t\t<\/div>\n\t\t\t\t\t\t<\/div>\n\t\t\t\t\t<\/div>\n\t\t<\/div>\n\t\t\t\t\t\t\t\t<\/div>\n\t\t\t\t\t<\/div>\n\t\t<\/section>\n\t\t\t\t<section class=\"elementor-section elementor-top-section elementor-element elementor-element-f825797 elementor-section-boxed elementor-section-height-default elementor-section-height-default\" data-id=\"f825797\" data-element_type=\"section\">\n\t\t\t\t\t\t<div class=\"elementor-container elementor-column-gap-default\">\n\t\t\t\t\t\t\t<div class=\"elementor-row\">\n\t\t\t\t\t<div class=\"elementor-column elementor-col-33 elementor-top-column elementor-element elementor-element-7edefc5\" data-id=\"7edefc5\" data-element_type=\"column\">\n\t\t\t<div class=\"elementor-column-wrap elementor-element-populated\">\n\t\t\t\t\t\t\t<div class=\"elementor-widget-wrap\">\n\t\t\t\t\t\t<div class=\"elementor-element elementor-element-bfd511f elementor-widget elementor-widget-heading\" data-id=\"bfd511f\" data-element_type=\"widget\" data-widget_type=\"heading.default\">\n\t\t\t\t<div class=\"elementor-widget-container\">\n\t\t\t<h1 class=\"elementor-heading-title elementor-size-default\">Produits<\/h1>\t\t<\/div>\n\t\t\t\t<\/div>\n\t\t\t\t<div class=\"elementor-element elementor-element-3463230 elementor-widget elementor-widget-text-editor\" data-id=\"3463230\" data-element_type=\"widget\" data-widget_type=\"text-editor.default\">\n\t\t\t\t<div class=\"elementor-widget-container\">\n\t\t\t\t\t\t\t\t<div class=\"elementor-text-editor elementor-clearfix\">\n\t\t\t\t<p><span style=\"font-weight: 400;\">Chez CAUCHOPREN, nous sommes des experts dans la conception de mat\u00e9riaux, outillages et production comp\u00e9titive pour tout type de caoutchouc avec ou sans inserts en plastique ou en m\u00e9tal.<\/span><\/p><p><span style=\"font-weight: 400;\">Notre catalogue contient les produits suivants :<\/span><\/p><ul><li style=\"font-weight: 400;\" aria-level=\"1\">Moulage de pi\u00e8ces techniques en tout type de caoutchouc, y compris des silicones solides et liquides (LSR).<\/li><li style=\"font-weight: 400;\" aria-level=\"1\">Pi\u00e8ces moul\u00e9es en plastique, thermoplastique et bi-mati\u00e8res.<\/li><li style=\"font-weight: 400;\" aria-level=\"1\">Produits en caoutchouc extrud\u00e9.<\/li><li style=\"font-weight: 400;\" aria-level=\"1\">Pi\u00e8ces d\u00e9coup\u00e9es en poly\u00e9thyl\u00e8ne, polypropyl\u00e8ne, caoutchouc, etc., avec et sans support adh\u00e9sif.<\/li><\/ul>\t\t\t\t\t<\/div>\n\t\t\t\t\t\t<\/div>\n\t\t\t\t<\/div>\n\t\t\t\t\t\t<\/div>\n\t\t\t\t\t<\/div>\n\t\t<\/div>\n\t\t\t\t<div class=\"elementor-column elementor-col-66 elementor-top-column elementor-element elementor-element-c528df1\" data-id=\"c528df1\" data-element_type=\"column\">\n\t\t\t<div class=\"elementor-column-wrap elementor-element-populated\">\n\t\t\t\t\t\t\t<div class=\"elementor-widget-wrap\">\n\t\t\t\t\t\t<div class=\"elementor-element elementor-element-ee07467 elementor-arrows-position-inside elementor-widget elementor-widget-image-carousel\" data-id=\"ee07467\" data-element_type=\"widget\" data-settings=\"{&quot;slides_to_show&quot;:&quot;1&quot;,&quot;navigation&quot;:&quot;arrows&quot;,&quot;autoplay&quot;:&quot;yes&quot;,&quot;pause_on_hover&quot;:&quot;yes&quot;,&quot;pause_on_interaction&quot;:&quot;yes&quot;,&quot;autoplay_speed&quot;:5000,&quot;infinite&quot;:&quot;yes&quot;,&quot;effect&quot;:&quot;slide&quot;,&quot;speed&quot;:500}\" data-widget_type=\"image-carousel.default\">\n\t\t\t\t<div class=\"elementor-widget-container\">\n\t\t\t\t\t<div class=\"elementor-image-carousel-wrapper swiper-container\" dir=\"ltr\">\n\t\t\t<div class=\"elementor-image-carousel swiper-wrapper\">\n\t\t\t\t\t\t\t\t<div class=\"swiper-slide\"><figure class=\"swiper-slide-inner\"><img class=\"swiper-slide-image\" src=\"https:\/\/cauchopren.com\/wp-content\/uploads\/2020\/11\/bicompoenete.jpg\" alt=\"CauchoMetal\" \/><\/figure><\/div><div class=\"swiper-slide\"><figure class=\"swiper-slide-inner\"><img class=\"swiper-slide-image\" src=\"https:\/\/cauchopren.com\/wp-content\/uploads\/2020\/11\/CauchoMetal.jpg\" alt=\"CauchoMetal\" \/><\/figure><\/div><div class=\"swiper-slide\"><figure class=\"swiper-slide-inner\"><img class=\"swiper-slide-image\" src=\"https:\/\/cauchopren.com\/wp-content\/uploads\/2020\/11\/Micropiezas.jpg\" alt=\"CauchoMetal\" \/><\/figure><\/div><div class=\"swiper-slide\"><figure class=\"swiper-slide-inner\"><img class=\"swiper-slide-image\" src=\"https:\/\/cauchopren.com\/wp-content\/uploads\/2020\/11\/fuelles.jpg\" alt=\"CauchoMetal\" \/><\/figure><\/div><div class=\"swiper-slide\"><figure class=\"swiper-slide-inner\"><img class=\"swiper-slide-image\" src=\"https:\/\/cauchopren.com\/wp-content\/uploads\/2020\/11\/Piezassilicona.jpg\" alt=\"CauchoMetal\" \/><\/figure><\/div><div class=\"swiper-slide\"><figure class=\"swiper-slide-inner\"><img class=\"swiper-slide-image\" src=\"https:\/\/cauchopren.com\/wp-content\/uploads\/2020\/11\/Orings.jpg\" alt=\"CauchoMetal\" \/><\/figure><\/div><div class=\"swiper-slide\"><figure class=\"swiper-slide-inner\"><img class=\"swiper-slide-image\" src=\"https:\/\/cauchopren.com\/wp-content\/uploads\/2020\/11\/Juntaslabio.jpg\" alt=\"CauchoMetal\" \/><\/figure><\/div><div class=\"swiper-slide\"><figure class=\"swiper-slide-inner\"><img class=\"swiper-slide-image\" src=\"https:\/\/cauchopren.com\/wp-content\/uploads\/2020\/11\/Piezasplastico.jpg\" alt=\"CauchoMetal\" \/><\/figure><\/div><div class=\"swiper-slide\"><figure class=\"swiper-slide-inner\"><img class=\"swiper-slide-image\" src=\"https:\/\/cauchopren.com\/wp-content\/uploads\/2020\/11\/siliconaSolidayliquida.jpg\" alt=\"CauchoMetal\" \/><\/figure><\/div><div class=\"swiper-slide\"><figure class=\"swiper-slide-inner\"><img class=\"swiper-slide-image\" src=\"https:\/\/cauchopren.com\/wp-content\/uploads\/2020\/11\/Otraspiezas.jpg\" alt=\"CauchoMetal\" \/><\/figure><\/div>\t\t\t<\/div>\n\t\t\t\t\t\t\t\t\t\t\t\t\t\t\t\t<div class=\"elementor-swiper-button elementor-swiper-button-prev\">\n\t\t\t\t\t\t<i aria-hidden=\"true\" class=\"eicon-chevron-left\"><\/i>\t\t\t\t\t\t<span class=\"elementor-screen-only\">Previous<\/span>\n\t\t\t\t\t<\/div>\n\t\t\t\t\t<div class=\"elementor-swiper-button elementor-swiper-button-next\">\n\t\t\t\t\t\t<i aria-hidden=\"true\" class=\"eicon-chevron-right\"><\/i>\t\t\t\t\t\t<span class=\"elementor-screen-only\">Next<\/span>\n\t\t\t\t\t<\/div>\n\t\t\t\t\t\t\t\t\t<\/div>\n\t\t\t\t<\/div>\n\t\t\t\t<\/div>\n\t\t\t\t\t\t<\/div>\n\t\t\t\t\t<\/div>\n\t\t<\/div>\n\t\t\t\t\t\t\t\t<\/div>\n\t\t\t\t\t<\/div>\n\t\t<\/section>\n\t\t\t\t<section class=\"elementor-section elementor-top-section elementor-element elementor-element-aef40f3 elementor-section-boxed elementor-section-height-default elementor-section-height-default\" data-id=\"aef40f3\" data-element_type=\"section\">\n\t\t\t\t\t\t<div class=\"elementor-container elementor-column-gap-default\">\n\t\t\t\t\t\t\t<div class=\"elementor-row\">\n\t\t\t\t\t<div class=\"elementor-column elementor-col-66 elementor-top-column elementor-element elementor-element-6053829\" data-id=\"6053829\" data-element_type=\"column\">\n\t\t\t<div class=\"elementor-column-wrap elementor-element-populated\">\n\t\t\t\t\t\t\t<div class=\"elementor-widget-wrap\">\n\t\t\t\t\t\t<div class=\"elementor-element elementor-element-a3dd289 elementor-widget elementor-widget-image\" data-id=\"a3dd289\" data-element_type=\"widget\" data-widget_type=\"image.default\">\n\t\t\t\t<div class=\"elementor-widget-container\">\n\t\t\t\t\t\t\t\t<div class=\"elementor-image\">\n\t\t\t\t\t\t\t\t\t\t\t\t<img width=\"791\" height=\"839\" src=\"https:\/\/cauchopren.com\/wp-content\/uploads\/2020\/11\/Serv-2-1.jpg\" class=\"attachment-large size-large\" alt=\"\" loading=\"lazy\" srcset=\"https:\/\/cauchopren.com\/wp-content\/uploads\/2020\/11\/Serv-2-1.jpg 791w, https:\/\/cauchopren.com\/wp-content\/uploads\/2020\/11\/Serv-2-1-283x300.jpg 283w, https:\/\/cauchopren.com\/wp-content\/uploads\/2020\/11\/Serv-2-1-768x815.jpg 768w\" sizes=\"(max-width: 791px) 100vw, 791px\" \/>\t\t\t\t\t\t\t\t\t\t\t\t\t\t<\/div>\n\t\t\t\t\t\t<\/div>\n\t\t\t\t<\/div>\n\t\t\t\t\t\t<\/div>\n\t\t\t\t\t<\/div>\n\t\t<\/div>\n\t\t\t\t<div class=\"elementor-column elementor-col-33 elementor-top-column elementor-element elementor-element-a3d3a10\" data-id=\"a3d3a10\" data-element_type=\"column\">\n\t\t\t<div class=\"elementor-column-wrap elementor-element-populated\">\n\t\t\t\t\t\t\t<div class=\"elementor-widget-wrap\">\n\t\t\t\t\t\t<div class=\"elementor-element elementor-element-c1ee098 elementor-widget elementor-widget-heading\" data-id=\"c1ee098\" data-element_type=\"widget\" data-widget_type=\"heading.default\">\n\t\t\t\t<div class=\"elementor-widget-container\">\n\t\t\t<h1 class=\"elementor-heading-title elementor-size-default\">Services<\/h1>\t\t<\/div>\n\t\t\t\t<\/div>\n\t\t\t\t<div class=\"elementor-element elementor-element-8a0abc2 elementor-widget elementor-widget-text-editor\" data-id=\"8a0abc2\" data-element_type=\"widget\" data-widget_type=\"text-editor.default\">\n\t\t\t\t<div class=\"elementor-widget-container\">\n\t\t\t\t\t\t\t\t<div class=\"elementor-text-editor elementor-clearfix\">\n\t\t\t\t<p><span style=\"font-weight: 400;\"><strong>CAUCHOPREN<\/strong> vous offre un service fiable de fourniture de pi\u00e8ces techniques en caoutchouc, ainsi que sa collaboration durant la conception de pi\u00e8ces, tant en ce qui concerne les dimensions que sur la mati\u00e8re \u00e0 utiliser.<\/span><\/p>\t\t\t\t\t<\/div>\n\t\t\t\t\t\t<\/div>\n\t\t\t\t<\/div>\n\t\t\t\t<div class=\"elementor-element elementor-element-f51d312 elementor-icon-list--layout-traditional elementor-list-item-link-full_width elementor-widget elementor-widget-icon-list\" data-id=\"f51d312\" data-element_type=\"widget\" data-widget_type=\"icon-list.default\">\n\t\t\t\t<div class=\"elementor-widget-container\">\n\t\t\t\t\t<ul class=\"elementor-icon-list-items\">\n\t\t\t\t\t\t\t<li class=\"elementor-icon-list-item\">\n\t\t\t\t\t\t\t\t\t\t\t<span class=\"elementor-icon-list-icon\">\n\t\t\t\t\t\t\t<i aria-hidden=\"true\" class=\"far fa-folder-open\"><\/i>\t\t\t\t\t\t<\/span>\n\t\t\t\t\t\t\t\t\t\t<span class=\"elementor-icon-list-text\">Questions techniques<\/span>\n\t\t\t\t\t\t\t\t\t<\/li>\n\t\t\t\t\t\t<\/ul>\n\t\t\t\t<\/div>\n\t\t\t\t<\/div>\n\t\t\t\t<div class=\"elementor-element elementor-element-cdaf5ee elementor-widget elementor-widget-text-editor\" data-id=\"cdaf5ee\" data-element_type=\"widget\" data-widget_type=\"text-editor.default\">\n\t\t\t\t<div class=\"elementor-widget-container\">\n\t\t\t\t\t\t\t\t<div class=\"elementor-text-editor elementor-clearfix\">\n\t\t\t\t<p><span style=\"font-weight: 400;\">Nous \u00e9tudions les besoins de nos clients, en faisant une analyse de tous les param\u00e8tres concern\u00e9s pour l\u2019optimisation de la pi\u00e8ce \u00e0 produire : proc\u00e9d\u00e9, type de machine, conception du moule, mati\u00e8re \u00e0 utiliser, etc.<\/span><\/p>\t\t\t\t\t<\/div>\n\t\t\t\t\t\t<\/div>\n\t\t\t\t<\/div>\n\t\t\t\t<div class=\"elementor-element elementor-element-1f54d94 elementor-icon-list--layout-traditional elementor-list-item-link-full_width elementor-widget elementor-widget-icon-list\" data-id=\"1f54d94\" data-element_type=\"widget\" data-widget_type=\"icon-list.default\">\n\t\t\t\t<div class=\"elementor-widget-container\">\n\t\t\t\t\t<ul class=\"elementor-icon-list-items\">\n\t\t\t\t\t\t\t<li class=\"elementor-icon-list-item\">\n\t\t\t\t\t\t\t\t\t\t\t<span class=\"elementor-icon-list-icon\">\n\t\t\t\t\t\t\t<i aria-hidden=\"true\" class=\"fas fa-check\"><\/i>\t\t\t\t\t\t<\/span>\n\t\t\t\t\t\t\t\t\t\t<span class=\"elementor-icon-list-text\">Conseil<\/span>\n\t\t\t\t\t\t\t\t\t<\/li>\n\t\t\t\t\t\t<\/ul>\n\t\t\t\t<\/div>\n\t\t\t\t<\/div>\n\t\t\t\t<div class=\"elementor-element elementor-element-524c71f elementor-widget elementor-widget-text-editor\" data-id=\"524c71f\" data-element_type=\"widget\" data-widget_type=\"text-editor.default\">\n\t\t\t\t<div class=\"elementor-widget-container\">\n\t\t\t\t\t\t\t\t<div class=\"elementor-text-editor elementor-clearfix\">\n\t\t\t\t<p><span style=\"font-weight: 400;\">Nous offrons \u00e0 nos clients des conseils pour la conception de pi\u00e8ces afin d\u2019optimiser leur fonctionnement et faisabilit\u00e9.<\/span><\/p><p>\u00a0<\/p><p><span style=\"font-weight: 400;\">Nous d\u00e9veloppons \u00e9galement des formules de caoutchouc sp\u00e9cifiques pour r\u00e9pondre aux exigences particuli\u00e8res de nos clients.<\/span><\/p><p><span style=\"font-weight: 400;\">Nos formules couvrent, par exemple, les types d\u2019\u00e9lastom\u00e8res suivants :<\/span><span style=\"font-weight: 400;\"><br \/><\/span><b>EPDM, CR, NBR, HNBR, CSM, CM, ECO, ACM, EAM, PU, NR, SBR, IIR, VMQ, LSR.<\/b><\/p>\t\t\t\t\t<\/div>\n\t\t\t\t\t\t<\/div>\n\t\t\t\t<\/div>\n\t\t\t\t\t\t<\/div>\n\t\t\t\t\t<\/div>\n\t\t<\/div>\n\t\t\t\t\t\t\t\t<\/div>\n\t\t\t\t\t<\/div>\n\t\t<\/section>\n\t\t\t\t\t\t\t\t\t<\/div>\n\t\t\t<\/div>\n\t\t\t\t\t<\/div>\n\t\t","protected":false},"excerpt":{"rendered":"<p>Produits et Services Produits Chez CAUCHOPREN, nous sommes des experts dans la conception de mat\u00e9riaux, outillages et production comp\u00e9titive pour tout type de caoutchouc avec ou sans inserts en plastique ou en m\u00e9tal. Notre catalogue contient les produits suivants : Moulage de pi\u00e8ces techniques en tout type de caoutchouc, y compris des silicones solides et [&hellip;]<\/p>\n","protected":false},"author":1,"featured_media":0,"parent":0,"menu_order":0,"comment_status":"closed","ping_status":"closed","template":"elementor_header_footer","meta":[],"yoast_head":"<!-- This site is optimized with the Yoast SEO plugin v15.5 - https:\/\/yoast.com\/wordpress\/plugins\/seo\/ -->\n<title>Produits - Cauchopren<\/title>\n<meta name=\"robots\" content=\"index, follow, max-snippet:-1, max-image-preview:large, max-video-preview:-1\" \/>\n<link rel=\"canonical\" href=\"https:\/\/cauchopren.com\/fr\/produits\/\" \/>\n<meta property=\"og:locale\" content=\"fr_FR\" \/>\n<meta property=\"og:type\" content=\"article\" \/>\n<meta property=\"og:title\" content=\"Produits - Cauchopren\" \/>\n<meta property=\"og:description\" content=\"Produits et Services Produits Chez CAUCHOPREN, nous sommes des experts dans la conception de mat\u00e9riaux, outillages et production comp\u00e9titive pour tout type de caoutchouc avec ou sans inserts en plastique ou en m\u00e9tal. Notre catalogue contient les produits suivants : Moulage de pi\u00e8ces techniques en tout type de caoutchouc, y compris des silicones solides et [&hellip;]\" \/>\n<meta property=\"og:url\" content=\"https:\/\/cauchopren.com\/fr\/produits\/\" \/>\n<meta property=\"og:site_name\" content=\"Cauchopren\" \/>\n<meta property=\"article:modified_time\" content=\"2022-05-21T10:28:05+00:00\" \/>\n<meta property=\"og:image\" content=\"https:\/\/cauchopren.com\/wp-content\/uploads\/2020\/11\/bicompoenete.jpg\" \/>\n<meta name=\"twitter:card\" content=\"summary_large_image\" \/>\n<meta name=\"twitter:label1\" content=\"Est. reading time\">\n\t<meta name=\"twitter:data1\" content=\"1 minute\">\n<script type=\"application\/ld+json\" class=\"yoast-schema-graph\">{\"@context\":\"https:\/\/schema.org\",\"@graph\":[{\"@type\":\"WebSite\",\"@id\":\"https:\/\/cauchopren.com\/fr\/#website\",\"url\":\"https:\/\/cauchopren.com\/fr\/\",\"name\":\"Cauchopren\",\"description\":\"Fabricaci\\u00f3n de piezas t\\u00e9cnicas de caucho\",\"potentialAction\":[{\"@type\":\"SearchAction\",\"target\":\"https:\/\/cauchopren.com\/fr\/?s={search_term_string}\",\"query-input\":\"required name=search_term_string\"}],\"inLanguage\":\"fr-FR\"},{\"@type\":\"ImageObject\",\"@id\":\"https:\/\/cauchopren.com\/fr\/produits\/#primaryimage\",\"inLanguage\":\"fr-FR\",\"url\":\"https:\/\/cauchopren.com\/wp-content\/uploads\/2020\/11\/bicompoenete.jpg\",\"width\":790,\"height\":530},{\"@type\":\"WebPage\",\"@id\":\"https:\/\/cauchopren.com\/fr\/produits\/#webpage\",\"url\":\"https:\/\/cauchopren.com\/fr\/produits\/\",\"name\":\"Produits - Cauchopren\",\"isPartOf\":{\"@id\":\"https:\/\/cauchopren.com\/fr\/#website\"},\"primaryImageOfPage\":{\"@id\":\"https:\/\/cauchopren.com\/fr\/produits\/#primaryimage\"},\"datePublished\":\"2022-05-21T10:25:32+00:00\",\"dateModified\":\"2022-05-21T10:28:05+00:00\",\"inLanguage\":\"fr-FR\",\"potentialAction\":[{\"@type\":\"ReadAction\",\"target\":[\"https:\/\/cauchopren.com\/fr\/produits\/\"]}]}]}<\/script>\n<!-- \/ Yoast SEO plugin. -->","_links":{"self":[{"href":"https:\/\/cauchopren.com\/fr\/wp-json\/wp\/v2\/pages\/1254"}],"collection":[{"href":"https:\/\/cauchopren.com\/fr\/wp-json\/wp\/v2\/pages"}],"about":[{"href":"https:\/\/cauchopren.com\/fr\/wp-json\/wp\/v2\/types\/page"}],"author":[{"embeddable":true,"href":"https:\/\/cauchopren.com\/fr\/wp-json\/wp\/v2\/users\/1"}],"replies":[{"embeddable":true,"href":"https:\/\/cauchopren.com\/fr\/wp-json\/wp\/v2\/comments?post=1254"}],"version-history":[{"count":4,"href":"https:\/\/cauchopren.com\/fr\/wp-json\/wp\/v2\/pages\/1254\/revisions"}],"predecessor-version":[{"id":1258,"href":"https:\/\/cauchopren.com\/fr\/wp-json\/wp\/v2\/pages\/1254\/revisions\/1258"}],"wp:attachment":[{"href":"https:\/\/cauchopren.com\/fr\/wp-json\/wp\/v2\/media?parent=1254"}],"curies":[{"name":"wp","href":"https:\/\/api.w.org\/{rel}","templated":true}]}}