{"id":1264,"date":"2022-05-21T10:40:37","date_gmt":"2022-05-21T10:40:37","guid":{"rendered":"https:\/\/cauchopren.com\/?page_id=1264"},"modified":"2022-07-05T16:43:30","modified_gmt":"2022-07-05T16:43:30","slug":"marche-mondial","status":"publish","type":"page","link":"https:\/\/cauchopren.com\/fr\/marche-mondial\/","title":{"rendered":"MARCH\u00c9 MONDIAL"},"content":{"rendered":"\t\t<div data-elementor-type=\"wp-page\" data-elementor-id=\"1264\" class=\"elementor elementor-1264 elementor-46\">\n\t\t\t\t\t\t<div class=\"elementor-inner\">\n\t\t\t\t<div class=\"elementor-section-wrap\">\n\t\t\t\t\t\t\t\t\t<section class=\"elementor-section elementor-top-section elementor-element elementor-element-b08688d elementor-section-stretched elementor-section-boxed elementor-section-height-default elementor-section-height-default\" data-id=\"b08688d\" data-element_type=\"section\" data-settings=\"{&quot;stretch_section&quot;:&quot;section-stretched&quot;,&quot;background_background&quot;:&quot;classic&quot;}\">\n\t\t\t\t\t\t<div class=\"elementor-container elementor-column-gap-default\">\n\t\t\t\t\t\t\t<div class=\"elementor-row\">\n\t\t\t\t\t<div class=\"elementor-column elementor-col-100 elementor-top-column elementor-element elementor-element-80caafc\" data-id=\"80caafc\" data-element_type=\"column\">\n\t\t\t<div class=\"elementor-column-wrap elementor-element-populated\">\n\t\t\t\t\t\t\t<div class=\"elementor-widget-wrap\">\n\t\t\t\t\t\t<div class=\"elementor-element elementor-element-4059572 elementor-widget elementor-widget-heading\" data-id=\"4059572\" data-element_type=\"widget\" data-widget_type=\"heading.default\">\n\t\t\t\t<div class=\"elementor-widget-container\">\n\t\t\t<h2 class=\"elementor-heading-title elementor-size-default\">PR\u00c9SENCE INTERNATIONALE \/ MARCH\u00c9 MONDIAL<\/h2>\t\t<\/div>\n\t\t\t\t<\/div>\n\t\t\t\t\t\t<\/div>\n\t\t\t\t\t<\/div>\n\t\t<\/div>\n\t\t\t\t\t\t\t\t<\/div>\n\t\t\t\t\t<\/div>\n\t\t<\/section>\n\t\t\t\t<section class=\"elementor-section elementor-top-section elementor-element elementor-element-f825797 elementor-section-boxed elementor-section-height-default elementor-section-height-default\" data-id=\"f825797\" data-element_type=\"section\">\n\t\t\t\t\t\t<div class=\"elementor-container elementor-column-gap-default\">\n\t\t\t\t\t\t\t<div class=\"elementor-row\">\n\t\t\t\t\t<div class=\"elementor-column elementor-col-100 elementor-top-column elementor-element elementor-element-c528df1\" data-id=\"c528df1\" data-element_type=\"column\">\n\t\t\t<div class=\"elementor-column-wrap elementor-element-populated\">\n\t\t\t\t\t\t\t<div class=\"elementor-widget-wrap\">\n\t\t\t\t\t\t<div class=\"elementor-element elementor-element-a421c67 elementor-widget elementor-widget-image\" data-id=\"a421c67\" data-element_type=\"widget\" data-widget_type=\"image.default\">\n\t\t\t\t<div class=\"elementor-widget-container\">\n\t\t\t\t\t\t\t\t<div class=\"elementor-image\">\n\t\t\t\t\t\t\t\t\t\t\t\t<img width=\"1024\" height=\"405\" src=\"https:\/\/cauchopren.com\/wp-content\/uploads\/2020\/11\/mapa-1024x405.png\" class=\"attachment-large size-large\" alt=\"\" loading=\"lazy\" srcset=\"https:\/\/cauchopren.com\/wp-content\/uploads\/2020\/11\/mapa-1024x405.png 1024w, https:\/\/cauchopren.com\/wp-content\/uploads\/2020\/11\/mapa-300x119.png 300w, https:\/\/cauchopren.com\/wp-content\/uploads\/2020\/11\/mapa-768x304.png 768w, https:\/\/cauchopren.com\/wp-content\/uploads\/2020\/11\/mapa-1536x608.png 1536w, https:\/\/cauchopren.com\/wp-content\/uploads\/2020\/11\/mapa.png 1630w\" sizes=\"(max-width: 1024px) 100vw, 1024px\" \/>\t\t\t\t\t\t\t\t\t\t\t\t\t\t<\/div>\n\t\t\t\t\t\t<\/div>\n\t\t\t\t<\/div>\n\t\t\t\t\t\t<\/div>\n\t\t\t\t\t<\/div>\n\t\t<\/div>\n\t\t\t\t\t\t\t\t<\/div>\n\t\t\t\t\t<\/div>\n\t\t<\/section>\n\t\t\t\t<section class=\"elementor-section elementor-top-section elementor-element elementor-element-aef40f3 elementor-section-boxed elementor-section-height-default elementor-section-height-default\" data-id=\"aef40f3\" data-element_type=\"section\">\n\t\t\t\t\t\t<div class=\"elementor-container elementor-column-gap-default\">\n\t\t\t\t\t\t\t<div class=\"elementor-row\">\n\t\t\t\t\t<div class=\"elementor-column elementor-col-100 elementor-top-column elementor-element elementor-element-a3d3a10\" data-id=\"a3d3a10\" data-element_type=\"column\">\n\t\t\t<div class=\"elementor-column-wrap elementor-element-populated\">\n\t\t\t\t\t\t\t<div class=\"elementor-widget-wrap\">\n\t\t\t\t\t\t<div class=\"elementor-element elementor-element-8a0abc2 elementor-widget elementor-widget-text-editor\" data-id=\"8a0abc2\" data-element_type=\"widget\" data-widget_type=\"text-editor.default\">\n\t\t\t\t<div class=\"elementor-widget-container\">\n\t\t\t\t\t\t\t\t<div class=\"elementor-text-editor elementor-clearfix\">\n\t\t\t\t<p class=\"p1\">La soci\u00e9t\u00e9 <b>CAUCHOPREN<\/b> est pr\u00e9sente sur le <b>MARCH\u00c9<\/b> <b>MONDIAL.<\/b><\/p><p class=\"p1\">Elle assure un service et fournit ses produits aux clients situ\u00e9s dans divers pays d\u2019Europe, d\u2019Afrique, d\u2019Asie et d\u2019Am\u00e9rique.<\/p>\t\t\t\t\t<\/div>\n\t\t\t\t\t\t<\/div>\n\t\t\t\t<\/div>\n\t\t\t\t<div class=\"elementor-element elementor-element-2b60c7d elementor-widget elementor-widget-text-editor\" data-id=\"2b60c7d\" data-element_type=\"widget\" data-widget_type=\"text-editor.default\">\n\t\t\t\t<div class=\"elementor-widget-container\">\n\t\t\t\t\t\t\t\t<div class=\"elementor-text-editor elementor-clearfix\">\n\t\t\t\t<p class=\"p1\"><b>ESPAGNE<\/b><\/p><ul><li>comercial@cauchopren.com<\/li><\/ul>\t\t\t\t\t<\/div>\n\t\t\t\t\t\t<\/div>\n\t\t\t\t<\/div>\n\t\t\t\t<div class=\"elementor-element elementor-element-19fbe7a elementor-widget elementor-widget-text-editor\" data-id=\"19fbe7a\" data-element_type=\"widget\" data-widget_type=\"text-editor.default\">\n\t\t\t\t<div class=\"elementor-widget-container\">\n\t\t\t\t\t\t\t\t<div class=\"elementor-text-editor elementor-clearfix\">\n\t\t\t\t<p class=\"p1\"><b>FRANCE et march\u00e9s francophones<\/b><\/p><ul><li>france@cauchopren.com<\/li><\/ul>\t\t\t\t\t<\/div>\n\t\t\t\t\t\t<\/div>\n\t\t\t\t<\/div>\n\t\t\t\t<div class=\"elementor-element elementor-element-136f65e elementor-widget elementor-widget-text-editor\" data-id=\"136f65e\" data-element_type=\"widget\" data-widget_type=\"text-editor.default\">\n\t\t\t\t<div class=\"elementor-widget-container\">\n\t\t\t\t\t\t\t\t<div class=\"elementor-text-editor elementor-clearfix\">\n\t\t\t\t<p class=\"p1\"><b>ALEMAGNE Centre Europe<\/b><\/p>\n<ul>\n<li>deutschland@cauchopren.com<\/li>\n<\/ul>\t\t\t\t\t<\/div>\n\t\t\t\t\t\t<\/div>\n\t\t\t\t<\/div>\n\t\t\t\t\t\t<\/div>\n\t\t\t\t\t<\/div>\n\t\t<\/div>\n\t\t\t\t\t\t\t\t<\/div>\n\t\t\t\t\t<\/div>\n\t\t<\/section>\n\t\t\t\t\t\t\t\t\t<\/div>\n\t\t\t<\/div>\n\t\t\t\t\t<\/div>\n\t\t","protected":false},"excerpt":{"rendered":"<p>PR\u00c9SENCE INTERNATIONALE \/ MARCH\u00c9 MONDIAL La soci\u00e9t\u00e9 CAUCHOPREN est pr\u00e9sente sur le MARCH\u00c9 MONDIAL. Elle assure un service et fournit ses produits aux clients situ\u00e9s dans divers pays d\u2019Europe, d\u2019Afrique, d\u2019Asie et d\u2019Am\u00e9rique. ESPAGNE comercial@cauchopren.com FRANCE et march\u00e9s francophones france@cauchopren.com ALEMAGNE Centre Europe deutschland@cauchopren.com<\/p>\n","protected":false},"author":1,"featured_media":0,"parent":0,"menu_order":0,"comment_status":"closed","ping_status":"closed","template":"elementor_header_footer","meta":[],"yoast_head":"<!-- This site is optimized with the Yoast SEO plugin v15.5 - https:\/\/yoast.com\/wordpress\/plugins\/seo\/ -->\n<title>MARCH\u00c9 MONDIAL - Cauchopren<\/title>\n<meta name=\"robots\" content=\"index, follow, max-snippet:-1, max-image-preview:large, max-video-preview:-1\" \/>\n<link rel=\"canonical\" href=\"https:\/\/cauchopren.com\/fr\/marche-mondial\/\" \/>\n<meta property=\"og:locale\" content=\"fr_FR\" \/>\n<meta property=\"og:type\" content=\"article\" \/>\n<meta property=\"og:title\" content=\"MARCH\u00c9 MONDIAL - Cauchopren\" \/>\n<meta property=\"og:description\" content=\"PR\u00c9SENCE INTERNATIONALE \/ MARCH\u00c9 MONDIAL La soci\u00e9t\u00e9 CAUCHOPREN est pr\u00e9sente sur le MARCH\u00c9 MONDIAL. Elle assure un service et fournit ses produits aux clients situ\u00e9s dans divers pays d\u2019Europe, d\u2019Afrique, d\u2019Asie et d\u2019Am\u00e9rique. ESPAGNE comercial@cauchopren.com FRANCE et march\u00e9s francophones france@cauchopren.com ALEMAGNE Centre Europe deutschland@cauchopren.com\" \/>\n<meta property=\"og:url\" content=\"https:\/\/cauchopren.com\/fr\/marche-mondial\/\" \/>\n<meta property=\"og:site_name\" content=\"Cauchopren\" \/>\n<meta property=\"article:modified_time\" content=\"2022-07-05T16:43:30+00:00\" \/>\n<meta property=\"og:image\" content=\"https:\/\/cauchopren.com\/wp-content\/uploads\/2020\/11\/mapa-1024x405.png\" \/>\n<meta name=\"twitter:card\" content=\"summary_large_image\" \/>\n<meta name=\"twitter:label1\" content=\"Est. reading time\">\n\t<meta name=\"twitter:data1\" content=\"0 minutes\">\n<script type=\"application\/ld+json\" class=\"yoast-schema-graph\">{\"@context\":\"https:\/\/schema.org\",\"@graph\":[{\"@type\":\"WebSite\",\"@id\":\"https:\/\/cauchopren.com\/fr\/#website\",\"url\":\"https:\/\/cauchopren.com\/fr\/\",\"name\":\"Cauchopren\",\"description\":\"Fabricaci\\u00f3n de piezas t\\u00e9cnicas de caucho\",\"potentialAction\":[{\"@type\":\"SearchAction\",\"target\":\"https:\/\/cauchopren.com\/fr\/?s={search_term_string}\",\"query-input\":\"required name=search_term_string\"}],\"inLanguage\":\"fr-FR\"},{\"@type\":\"ImageObject\",\"@id\":\"https:\/\/cauchopren.com\/fr\/marche-mondial\/#primaryimage\",\"inLanguage\":\"fr-FR\",\"url\":\"https:\/\/cauchopren.com\/wp-content\/uploads\/2020\/11\/mapa.png\",\"width\":1630,\"height\":645},{\"@type\":\"WebPage\",\"@id\":\"https:\/\/cauchopren.com\/fr\/marche-mondial\/#webpage\",\"url\":\"https:\/\/cauchopren.com\/fr\/marche-mondial\/\",\"name\":\"MARCH\\u00c9 MONDIAL - Cauchopren\",\"isPartOf\":{\"@id\":\"https:\/\/cauchopren.com\/fr\/#website\"},\"primaryImageOfPage\":{\"@id\":\"https:\/\/cauchopren.com\/fr\/marche-mondial\/#primaryimage\"},\"datePublished\":\"2022-05-21T10:40:37+00:00\",\"dateModified\":\"2022-07-05T16:43:30+00:00\",\"inLanguage\":\"fr-FR\",\"potentialAction\":[{\"@type\":\"ReadAction\",\"target\":[\"https:\/\/cauchopren.com\/fr\/marche-mondial\/\"]}]}]}<\/script>\n<!-- \/ Yoast SEO plugin. -->","_links":{"self":[{"href":"https:\/\/cauchopren.com\/fr\/wp-json\/wp\/v2\/pages\/1264"}],"collection":[{"href":"https:\/\/cauchopren.com\/fr\/wp-json\/wp\/v2\/pages"}],"about":[{"href":"https:\/\/cauchopren.com\/fr\/wp-json\/wp\/v2\/types\/page"}],"author":[{"embeddable":true,"href":"https:\/\/cauchopren.com\/fr\/wp-json\/wp\/v2\/users\/1"}],"replies":[{"embeddable":true,"href":"https:\/\/cauchopren.com\/fr\/wp-json\/wp\/v2\/comments?post=1264"}],"version-history":[{"count":7,"href":"https:\/\/cauchopren.com\/fr\/wp-json\/wp\/v2\/pages\/1264\/revisions"}],"predecessor-version":[{"id":1600,"href":"https:\/\/cauchopren.com\/fr\/wp-json\/wp\/v2\/pages\/1264\/revisions\/1600"}],"wp:attachment":[{"href":"https:\/\/cauchopren.com\/fr\/wp-json\/wp\/v2\/media?parent=1264"}],"curies":[{"name":"wp","href":"https:\/\/api.w.org\/{rel}","templated":true}]}}